{"id":887,"date":"2024-11-08T05:08:07","date_gmt":"2024-11-08T05:08:07","guid":{"rendered":"https:\/\/setles.si\/?page_id=887"},"modified":"2024-12-19T09:46:39","modified_gmt":"2024-12-19T09:46:39","slug":"weinkeller-slowenien","status":"publish","type":"page","link":"https:\/\/setles.si\/de\/weinkeller-slowenien\/","title":{"rendered":"Weinkeller (Slowenien)"},"content":{"rendered":"<div data-elementor-type=\"wp-page\" data-elementor-id=\"887\" class=\"elementor elementor-887\" data-elementor-post-type=\"page\">\n\t\t\t\t\t\t<section class=\"elementor-section elementor-top-section elementor-element elementor-element-2876d6d9 elementor-section-boxed elementor-section-height-default elementor-section-height-default\" data-id=\"2876d6d9\" data-element_type=\"section\" data-e-type=\"section\" data-settings=\"{&quot;background_background&quot;:&quot;classic&quot;}\">\n\t\t\t\t\t\t\t<div class=\"elementor-background-overlay\"><\/div>\n\t\t\t\t\t\t\t<div class=\"elementor-container elementor-column-gap-default\">\n\t\t\t\t\t<div class=\"elementor-column elementor-col-100 elementor-top-column elementor-element elementor-element-4d00100\" data-id=\"4d00100\" data-element_type=\"column\" data-e-type=\"column\">\n\t\t\t<div class=\"elementor-widget-wrap elementor-element-populated\">\n\t\t\t\t\t\t<section class=\"elementor-section elementor-inner-section elementor-element elementor-element-39fedb1d elementor-section-boxed elementor-section-height-default elementor-section-height-default\" data-id=\"39fedb1d\" data-element_type=\"section\" data-e-type=\"section\">\n\t\t\t\t\t\t<div class=\"elementor-container elementor-column-gap-default\">\n\t\t\t\t\t<div class=\"elementor-column elementor-col-100 elementor-inner-column elementor-element elementor-element-1eaabb69\" data-id=\"1eaabb69\" data-element_type=\"column\" data-e-type=\"column\">\n\t\t\t<div class=\"elementor-widget-wrap elementor-element-populated\">\n\t\t\t\t\t\t<div class=\"elementor-element elementor-element-63e5ea0b elementor-invisible elementor-widget elementor-widget-heading\" data-id=\"63e5ea0b\" data-element_type=\"widget\" data-e-type=\"widget\" data-settings=\"{&quot;_animation&quot;:&quot;fadeInUp&quot;}\" data-widget_type=\"heading.default\">\n\t\t\t\t<div class=\"elementor-widget-container\">\n\t\t\t\t\t<h1 class=\"elementor-heading-title elementor-size-default\">Weinkeller (Slowenien)<\/h1>\t\t\t\t<\/div>\n\t\t\t\t<\/div>\n\t\t\t\t\t<\/div>\n\t\t<\/div>\n\t\t\t\t\t<\/div>\n\t\t<\/section>\n\t\t\t\t\t<\/div>\n\t\t<\/div>\n\t\t\t\t\t<\/div>\n\t\t<\/section>\n\t\t\t\t<section class=\"elementor-section elementor-top-section elementor-element elementor-element-a3c739d elementor-section-boxed elementor-section-height-default elementor-section-height-default\" data-id=\"a3c739d\" data-element_type=\"section\" data-e-type=\"section\">\n\t\t\t\t\t\t<div class=\"elementor-container elementor-column-gap-default\">\n\t\t\t\t\t<div class=\"elementor-column elementor-col-100 elementor-top-column elementor-element elementor-element-c5d5b44\" data-id=\"c5d5b44\" data-element_type=\"column\" data-e-type=\"column\">\n\t\t\t<div class=\"elementor-widget-wrap elementor-element-populated\">\n\t\t\t\t\t\t<div class=\"elementor-element elementor-element-0552f0b elementor-widget elementor-widget-heading\" data-id=\"0552f0b\" data-element_type=\"widget\" data-e-type=\"widget\" data-widget_type=\"heading.default\">\n\t\t\t\t<div class=\"elementor-widget-container\">\n\t\t\t\t\t<h2 class=\"elementor-heading-title elementor-size-default\">Weinkeller<\/h2>\t\t\t\t<\/div>\n\t\t\t\t<\/div>\n\t\t\t\t<div class=\"elementor-element elementor-element-dce144d elementor-widget elementor-widget-text-editor\" data-id=\"dce144d\" data-element_type=\"widget\" data-e-type=\"widget\" data-widget_type=\"text-editor.default\">\n\t\t\t\t<div class=\"elementor-widget-container\">\n\t\t\t\t\t\t\t\t\t<p>Der Weinkeller ist ein sorgf\u00e4ltig gestalteter Zufluchtsort, in dem jede Flasche ihren Charakter beh\u00e4lt und mit der Zeit verbessert. Bei idealen Lagerbedingungen wird der Weinkeller zu einem Raum, der Funktionalit\u00e4t und Liebe zum Wein vereint.<\/p>\t\t\t\t\t\t\t\t<\/div>\n\t\t\t\t<\/div>\n\t\t\t\t<div class=\"elementor-element elementor-element-223c348 elementor-widget elementor-widget-gallery\" data-id=\"223c348\" data-element_type=\"widget\" data-e-type=\"widget\" data-settings=\"{&quot;columns&quot;:3,&quot;lazyload&quot;:&quot;yes&quot;,&quot;gallery_layout&quot;:&quot;grid&quot;,&quot;columns_tablet&quot;:2,&quot;columns_mobile&quot;:1,&quot;gap&quot;:{&quot;unit&quot;:&quot;px&quot;,&quot;size&quot;:10,&quot;sizes&quot;:[]},&quot;gap_tablet&quot;:{&quot;unit&quot;:&quot;px&quot;,&quot;size&quot;:10,&quot;sizes&quot;:[]},&quot;gap_mobile&quot;:{&quot;unit&quot;:&quot;px&quot;,&quot;size&quot;:10,&quot;sizes&quot;:[]},&quot;link_to&quot;:&quot;file&quot;,&quot;aspect_ratio&quot;:&quot;3:2&quot;,&quot;overlay_background&quot;:&quot;yes&quot;,&quot;content_hover_animation&quot;:&quot;fade-in&quot;}\" data-widget_type=\"gallery.default\">\n\t\t\t\t<div class=\"elementor-widget-container\">\n\t\t\t\t\t\t\t<div class=\"elementor-gallery__container\">\n\t\t\t\t\t\t\t<a class=\"e-gallery-item elementor-gallery-item elementor-animated-content\" href=\"https:\/\/setles.si\/wp-content\/uploads\/2024\/11\/winecellular-e1734518179274.jpg\" data-elementor-open-lightbox=\"yes\" data-elementor-lightbox-slideshow=\"223c348\" data-elementor-lightbox-title=\"winecellular\" data-e-action-hash=\"#elementor-action%3Aaction%3Dlightbox%26settings%3DeyJpZCI6MTA3NSwidXJsIjoiaHR0cHM6XC9cL3NldGxlcy5zaVwvd3AtY29udGVudFwvdXBsb2Fkc1wvMjAyNFwvMTFcL3dpbmVjZWxsdWxhci1lMTczNDUxODE3OTI3NC5qcGciLCJzbGlkZXNob3ciOiIyMjNjMzQ4In0%3D\">\n\t\t\t\t\t<div class=\"e-gallery-image elementor-gallery-item__image\" data-thumbnail=\"https:\/\/setles.si\/wp-content\/uploads\/2024\/11\/winecellular-e1734518179274.jpg\" data-width=\"1034\" data-height=\"1320\" aria-label=\"\" role=\"img\" ><\/div>\n\t\t\t\t\t\t\t\t\t\t\t<div class=\"elementor-gallery-item__overlay\"><\/div>\n\t\t\t\t\t\t\t\t\t\t\t\t\t\t<\/a>\n\t\t\t\t\t\t\t<a class=\"e-gallery-item elementor-gallery-item elementor-animated-content\" href=\"https:\/\/setles.si\/wp-content\/uploads\/2024\/11\/3.jpg\" data-elementor-open-lightbox=\"yes\" data-elementor-lightbox-slideshow=\"223c348\" data-elementor-lightbox-title=\"3\" data-e-action-hash=\"#elementor-action%3Aaction%3Dlightbox%26settings%3DeyJpZCI6MTA4NCwidXJsIjoiaHR0cHM6XC9cL3NldGxlcy5zaVwvd3AtY29udGVudFwvdXBsb2Fkc1wvMjAyNFwvMTFcLzMuanBnIiwic2xpZGVzaG93IjoiMjIzYzM0OCJ9\">\n\t\t\t\t\t<div class=\"e-gallery-image elementor-gallery-item__image\" data-thumbnail=\"https:\/\/setles.si\/wp-content\/uploads\/2024\/11\/3.jpg\" data-width=\"1500\" data-height=\"2000\" aria-label=\"\" role=\"img\" ><\/div>\n\t\t\t\t\t\t\t\t\t\t\t<div class=\"elementor-gallery-item__overlay\"><\/div>\n\t\t\t\t\t\t\t\t\t\t\t\t\t\t<\/a>\n\t\t\t\t\t\t\t<a class=\"e-gallery-item elementor-gallery-item elementor-animated-content\" href=\"https:\/\/setles.si\/wp-content\/uploads\/2024\/11\/5.jpg\" data-elementor-open-lightbox=\"yes\" data-elementor-lightbox-slideshow=\"223c348\" data-elementor-lightbox-title=\"5\" data-e-action-hash=\"#elementor-action%3Aaction%3Dlightbox%26settings%3DeyJpZCI6MTA4NiwidXJsIjoiaHR0cHM6XC9cL3NldGxlcy5zaVwvd3AtY29udGVudFwvdXBsb2Fkc1wvMjAyNFwvMTFcLzUuanBnIiwic2xpZGVzaG93IjoiMjIzYzM0OCJ9\">\n\t\t\t\t\t<div class=\"e-gallery-image elementor-gallery-item__image\" data-thumbnail=\"https:\/\/setles.si\/wp-content\/uploads\/2024\/11\/5.jpg\" data-width=\"1493\" data-height=\"1920\" aria-label=\"\" role=\"img\" ><\/div>\n\t\t\t\t\t\t\t\t\t\t\t<div class=\"elementor-gallery-item__overlay\"><\/div>\n\t\t\t\t\t\t\t\t\t\t\t\t\t\t<\/a>\n\t\t\t\t\t\t\t<a class=\"e-gallery-item elementor-gallery-item elementor-animated-content\" href=\"https:\/\/setles.si\/wp-content\/uploads\/2024\/11\/4.jpg\" data-elementor-open-lightbox=\"yes\" data-elementor-lightbox-slideshow=\"223c348\" data-elementor-lightbox-title=\"4\" data-e-action-hash=\"#elementor-action%3Aaction%3Dlightbox%26settings%3DeyJpZCI6MTA4NSwidXJsIjoiaHR0cHM6XC9cL3NldGxlcy5zaVwvd3AtY29udGVudFwvdXBsb2Fkc1wvMjAyNFwvMTFcLzQuanBnIiwic2xpZGVzaG93IjoiMjIzYzM0OCJ9\">\n\t\t\t\t\t<div class=\"e-gallery-image elementor-gallery-item__image\" data-thumbnail=\"https:\/\/setles.si\/wp-content\/uploads\/2024\/11\/4.jpg\" data-width=\"1440\" data-height=\"1920\" aria-label=\"\" role=\"img\" ><\/div>\n\t\t\t\t\t\t\t\t\t\t\t<div class=\"elementor-gallery-item__overlay\"><\/div>\n\t\t\t\t\t\t\t\t\t\t\t\t\t\t<\/a>\n\t\t\t\t\t\t\t<a class=\"e-gallery-item elementor-gallery-item elementor-animated-content\" href=\"https:\/\/setles.si\/wp-content\/uploads\/2024\/11\/IMG_4221.png\" data-elementor-open-lightbox=\"yes\" data-elementor-lightbox-slideshow=\"223c348\" data-elementor-lightbox-title=\"IMG_4221\" data-e-action-hash=\"#elementor-action%3Aaction%3Dlightbox%26settings%3DeyJpZCI6MTAwMCwidXJsIjoiaHR0cHM6XC9cL3NldGxlcy5zaVwvd3AtY29udGVudFwvdXBsb2Fkc1wvMjAyNFwvMTFcL0lNR180MjIxLnBuZyIsInNsaWRlc2hvdyI6IjIyM2MzNDgifQ%3D%3D\">\n\t\t\t\t\t<div class=\"e-gallery-image elementor-gallery-item__image\" data-thumbnail=\"https:\/\/setles.si\/wp-content\/uploads\/2024\/11\/IMG_4221.png\" data-width=\"2000\" data-height=\"1500\" aria-label=\"\" role=\"img\" ><\/div>\n\t\t\t\t\t\t\t\t\t\t\t<div class=\"elementor-gallery-item__overlay\"><\/div>\n\t\t\t\t\t\t\t\t\t\t\t\t\t\t<\/a>\n\t\t\t\t\t\t\t<a class=\"e-gallery-item elementor-gallery-item elementor-animated-content\" href=\"https:\/\/setles.si\/wp-content\/uploads\/2024\/11\/IMG_4214.png\" data-elementor-open-lightbox=\"yes\" data-elementor-lightbox-slideshow=\"223c348\" data-elementor-lightbox-title=\"IMG_4214\" data-e-action-hash=\"#elementor-action%3Aaction%3Dlightbox%26settings%3DeyJpZCI6OTk1LCJ1cmwiOiJodHRwczpcL1wvc2V0bGVzLnNpXC93cC1jb250ZW50XC91cGxvYWRzXC8yMDI0XC8xMVwvSU1HXzQyMTQucG5nIiwic2xpZGVzaG93IjoiMjIzYzM0OCJ9\">\n\t\t\t\t\t<div class=\"e-gallery-image elementor-gallery-item__image\" data-thumbnail=\"https:\/\/setles.si\/wp-content\/uploads\/2024\/11\/IMG_4214.png\" data-width=\"2000\" data-height=\"1813\" aria-label=\"\" role=\"img\" ><\/div>\n\t\t\t\t\t\t\t\t\t\t\t<div class=\"elementor-gallery-item__overlay\"><\/div>\n\t\t\t\t\t\t\t\t\t\t\t\t\t\t<\/a>\n\t\t\t\t\t\t\t<a class=\"e-gallery-item elementor-gallery-item elementor-animated-content\" href=\"https:\/\/setles.si\/wp-content\/uploads\/2024\/11\/2-2.jpg\" data-elementor-open-lightbox=\"yes\" data-elementor-lightbox-slideshow=\"223c348\" data-elementor-lightbox-title=\"2 (2)\" data-e-action-hash=\"#elementor-action%3Aaction%3Dlightbox%26settings%3DeyJpZCI6MTA4MywidXJsIjoiaHR0cHM6XC9cL3NldGxlcy5zaVwvd3AtY29udGVudFwvdXBsb2Fkc1wvMjAyNFwvMTFcLzItMi5qcGciLCJzbGlkZXNob3ciOiIyMjNjMzQ4In0%3D\">\n\t\t\t\t\t<div class=\"e-gallery-image elementor-gallery-item__image\" data-thumbnail=\"https:\/\/setles.si\/wp-content\/uploads\/2024\/11\/2-2.jpg\" data-width=\"1500\" data-height=\"2000\" aria-label=\"\" role=\"img\" ><\/div>\n\t\t\t\t\t\t\t\t\t\t\t<div class=\"elementor-gallery-item__overlay\"><\/div>\n\t\t\t\t\t\t\t\t\t\t\t\t\t\t<\/a>\n\t\t\t\t\t\t\t<a class=\"e-gallery-item elementor-gallery-item elementor-animated-content\" href=\"https:\/\/setles.si\/wp-content\/uploads\/2024\/11\/1.jpg\" data-elementor-open-lightbox=\"yes\" data-elementor-lightbox-slideshow=\"223c348\" data-elementor-lightbox-title=\"1\" data-e-action-hash=\"#elementor-action%3Aaction%3Dlightbox%26settings%3DeyJpZCI6MTA4MiwidXJsIjoiaHR0cHM6XC9cL3NldGxlcy5zaVwvd3AtY29udGVudFwvdXBsb2Fkc1wvMjAyNFwvMTFcLzEuanBnIiwic2xpZGVzaG93IjoiMjIzYzM0OCJ9\">\n\t\t\t\t\t<div class=\"e-gallery-image elementor-gallery-item__image\" data-thumbnail=\"https:\/\/setles.si\/wp-content\/uploads\/2024\/11\/1.jpg\" data-width=\"1500\" data-height=\"2000\" aria-label=\"\" role=\"img\" ><\/div>\n\t\t\t\t\t\t\t\t\t\t\t<div class=\"elementor-gallery-item__overlay\"><\/div>\n\t\t\t\t\t\t\t\t\t\t\t\t\t\t<\/a>\n\t\t\t\t\t<\/div>\n\t\t\t\t\t<\/div>\n\t\t\t\t<\/div>\n\t\t\t\t\t<\/div>\n\t\t<\/div>\n\t\t\t\t\t<\/div>\n\t\t<\/section>\n\t\t\t\t<\/div>","protected":false},"excerpt":{"rendered":"<p>Vinska Klet Vinska klet je premi\u0161ljeno zasnovano sveti\u0161\u010de, kjer vsaka steklenica ohrani in izbolj\u0161a svoj zna\u010daj skozi \u010das. Z idealnimi pogoji za shranjevanje postane klet prostor, ki zdru\u017euje funkcionalnost in ljubezen do vina.<\/p>","protected":false},"author":1,"featured_media":0,"parent":0,"menu_order":0,"comment_status":"closed","ping_status":"closed","template":"elementor_header_footer","meta":{"footnotes":""},"class_list":["post-887","page","type-page","status-publish","hentry"],"yoast_head":"<!-- This site is optimized with the Yoast SEO plugin v27.6 - https:\/\/yoast.com\/product\/yoast-seo-wordpress\/ -->\n<title>Vinska klet (Slovenija) - SETLES<\/title>\n<meta name=\"robots\" content=\"index, follow, max-snippet:-1, max-image-preview:large, max-video-preview:-1\" \/>\n<link rel=\"canonical\" href=\"https:\/\/setles.si\/de\/weinkeller-slowenien\/\" \/>\n<meta property=\"og:locale\" content=\"de_DE\" \/>\n<meta property=\"og:type\" content=\"article\" \/>\n<meta property=\"og:title\" content=\"Vinska klet (Slovenija) - SETLES\" \/>\n<meta property=\"og:description\" content=\"Vinska Klet Vinska klet je premi\u0161ljeno zasnovano sveti\u0161\u010de, kjer vsaka steklenica ohrani in izbolj\u0161a svoj zna\u010daj skozi \u010das. Z idealnimi pogoji za shranjevanje postane klet prostor, ki zdru\u017euje funkcionalnost in ljubezen do vina.\" \/>\n<meta property=\"og:url\" content=\"https:\/\/setles.si\/de\/weinkeller-slowenien\/\" \/>\n<meta property=\"og:site_name\" content=\"SETLES\" \/>\n<meta property=\"article:publisher\" content=\"https:\/\/www.facebook.com\/profile.php?id=100084199638007\" \/>\n<meta property=\"article:modified_time\" content=\"2024-12-19T09:46:39+00:00\" \/>\n<meta property=\"og:image\" content=\"https:\/\/setles.si\/wp-content\/uploads\/2024\/12\/Setles-43.webp\" \/>\n\t<meta property=\"og:image:width\" content=\"2000\" \/>\n\t<meta property=\"og:image:height\" content=\"1335\" \/>\n\t<meta property=\"og:image:type\" content=\"image\/webp\" \/>\n<meta name=\"twitter:card\" content=\"summary_large_image\" \/>\n<meta name=\"twitter:site\" content=\"@setles_official\" \/>\n<meta name=\"twitter:label1\" content=\"Gesch\u00e4tzte Lesezeit\" \/>\n\t<meta name=\"twitter:data1\" content=\"1\u00a0Minute\" \/>\n<script type=\"application\/ld+json\" class=\"yoast-schema-graph\">{\"@context\":\"https:\\\/\\\/schema.org\",\"@graph\":[{\"@type\":\"WebPage\",\"@id\":\"https:\\\/\\\/setles.si\\\/vinska-klet-slovenija\\\/\",\"url\":\"https:\\\/\\\/setles.si\\\/vinska-klet-slovenija\\\/\",\"name\":\"Vinska klet (Slovenija) - SETLES\",\"isPartOf\":{\"@id\":\"https:\\\/\\\/setles.si\\\/#website\"},\"datePublished\":\"2024-11-08T05:08:07+00:00\",\"dateModified\":\"2024-12-19T09:46:39+00:00\",\"breadcrumb\":{\"@id\":\"https:\\\/\\\/setles.si\\\/vinska-klet-slovenija\\\/#breadcrumb\"},\"inLanguage\":\"de\",\"potentialAction\":[{\"@type\":\"ReadAction\",\"target\":[\"https:\\\/\\\/setles.si\\\/vinska-klet-slovenija\\\/\"]}]},{\"@type\":\"BreadcrumbList\",\"@id\":\"https:\\\/\\\/setles.si\\\/vinska-klet-slovenija\\\/#breadcrumb\",\"itemListElement\":[{\"@type\":\"ListItem\",\"position\":1,\"name\":\"Home\",\"item\":\"https:\\\/\\\/setles.si\\\/\"},{\"@type\":\"ListItem\",\"position\":2,\"name\":\"Vinska klet (Slovenija)\"}]},{\"@type\":\"WebSite\",\"@id\":\"https:\\\/\\\/setles.si\\\/#website\",\"url\":\"https:\\\/\\\/setles.si\\\/\",\"name\":\"SETLES\",\"description\":\"Mojstri masivnega lesa\",\"publisher\":{\"@id\":\"https:\\\/\\\/setles.si\\\/#organization\"},\"potentialAction\":[{\"@type\":\"SearchAction\",\"target\":{\"@type\":\"EntryPoint\",\"urlTemplate\":\"https:\\\/\\\/setles.si\\\/?s={search_term_string}\"},\"query-input\":{\"@type\":\"PropertyValueSpecification\",\"valueRequired\":true,\"valueName\":\"search_term_string\"}}],\"inLanguage\":\"de\"},{\"@type\":\"Organization\",\"@id\":\"https:\\\/\\\/setles.si\\\/#organization\",\"name\":\"SETLES D.O.O.\",\"url\":\"https:\\\/\\\/setles.si\\\/\",\"logo\":{\"@type\":\"ImageObject\",\"inLanguage\":\"de\",\"@id\":\"https:\\\/\\\/setles.si\\\/#\\\/schema\\\/logo\\\/image\\\/\",\"url\":\"https:\\\/\\\/setles.si\\\/wp-content\\\/uploads\\\/2024\\\/11\\\/android-chrome-210x210-1.png\",\"contentUrl\":\"https:\\\/\\\/setles.si\\\/wp-content\\\/uploads\\\/2024\\\/11\\\/android-chrome-210x210-1.png\",\"width\":210,\"height\":210,\"caption\":\"SETLES D.O.O.\"},\"image\":{\"@id\":\"https:\\\/\\\/setles.si\\\/#\\\/schema\\\/logo\\\/image\\\/\"},\"sameAs\":[\"https:\\\/\\\/www.facebook.com\\\/profile.php?id=100084199638007\",\"https:\\\/\\\/x.com\\\/setles_official\",\"https:\\\/\\\/www.instagram.com\\\/setles_official\\\/\",\"https:\\\/\\\/www.linkedin.com\\\/company\\\/setles\\\/about\\\/\"]}]}<\/script>\n<!-- \/ Yoast SEO plugin. -->","yoast_head_json":{"title":"Vinska klet (Slovenija) - SETLES","robots":{"index":"index","follow":"follow","max-snippet":"max-snippet:-1","max-image-preview":"max-image-preview:large","max-video-preview":"max-video-preview:-1"},"canonical":"https:\/\/setles.si\/de\/weinkeller-slowenien\/","og_locale":"de_DE","og_type":"article","og_title":"Vinska klet (Slovenija) - SETLES","og_description":"Vinska Klet Vinska klet je premi\u0161ljeno zasnovano sveti\u0161\u010de, kjer vsaka steklenica ohrani in izbolj\u0161a svoj zna\u010daj skozi \u010das. Z idealnimi pogoji za shranjevanje postane klet prostor, ki zdru\u017euje funkcionalnost in ljubezen do vina.","og_url":"https:\/\/setles.si\/de\/weinkeller-slowenien\/","og_site_name":"SETLES","article_publisher":"https:\/\/www.facebook.com\/profile.php?id=100084199638007","article_modified_time":"2024-12-19T09:46:39+00:00","og_image":[{"width":2000,"height":1335,"url":"https:\/\/setles.si\/wp-content\/uploads\/2024\/12\/Setles-43.webp","type":"image\/webp"}],"twitter_card":"summary_large_image","twitter_site":"@setles_official","twitter_misc":{"Gesch\u00e4tzte Lesezeit":"1\u00a0Minute"},"schema":{"@context":"https:\/\/schema.org","@graph":[{"@type":"WebPage","@id":"https:\/\/setles.si\/vinska-klet-slovenija\/","url":"https:\/\/setles.si\/vinska-klet-slovenija\/","name":"Vinska klet (Slovenija) - SETLES","isPartOf":{"@id":"https:\/\/setles.si\/#website"},"datePublished":"2024-11-08T05:08:07+00:00","dateModified":"2024-12-19T09:46:39+00:00","breadcrumb":{"@id":"https:\/\/setles.si\/vinska-klet-slovenija\/#breadcrumb"},"inLanguage":"de","potentialAction":[{"@type":"ReadAction","target":["https:\/\/setles.si\/vinska-klet-slovenija\/"]}]},{"@type":"BreadcrumbList","@id":"https:\/\/setles.si\/vinska-klet-slovenija\/#breadcrumb","itemListElement":[{"@type":"ListItem","position":1,"name":"Home","item":"https:\/\/setles.si\/"},{"@type":"ListItem","position":2,"name":"Vinska klet (Slovenija)"}]},{"@type":"WebSite","@id":"https:\/\/setles.si\/#website","url":"https:\/\/setles.si\/","name":"SETLES","description":"Mojstri masivnega lesa","publisher":{"@id":"https:\/\/setles.si\/#organization"},"potentialAction":[{"@type":"SearchAction","target":{"@type":"EntryPoint","urlTemplate":"https:\/\/setles.si\/?s={search_term_string}"},"query-input":{"@type":"PropertyValueSpecification","valueRequired":true,"valueName":"search_term_string"}}],"inLanguage":"de"},{"@type":"Organization","@id":"https:\/\/setles.si\/#organization","name":"SETLES D.O.O.","url":"https:\/\/setles.si\/","logo":{"@type":"ImageObject","inLanguage":"de","@id":"https:\/\/setles.si\/#\/schema\/logo\/image\/","url":"https:\/\/setles.si\/wp-content\/uploads\/2024\/11\/android-chrome-210x210-1.png","contentUrl":"https:\/\/setles.si\/wp-content\/uploads\/2024\/11\/android-chrome-210x210-1.png","width":210,"height":210,"caption":"SETLES D.O.O."},"image":{"@id":"https:\/\/setles.si\/#\/schema\/logo\/image\/"},"sameAs":["https:\/\/www.facebook.com\/profile.php?id=100084199638007","https:\/\/x.com\/setles_official","https:\/\/www.instagram.com\/setles_official\/","https:\/\/www.linkedin.com\/company\/setles\/about\/"]}]}},"jetpack_sharing_enabled":true,"_links":{"self":[{"href":"https:\/\/setles.si\/de\/wp-json\/wp\/v2\/pages\/887","targetHints":{"allow":["GET"]}}],"collection":[{"href":"https:\/\/setles.si\/de\/wp-json\/wp\/v2\/pages"}],"about":[{"href":"https:\/\/setles.si\/de\/wp-json\/wp\/v2\/types\/page"}],"author":[{"embeddable":true,"href":"https:\/\/setles.si\/de\/wp-json\/wp\/v2\/users\/1"}],"replies":[{"embeddable":true,"href":"https:\/\/setles.si\/de\/wp-json\/wp\/v2\/comments?post=887"}],"version-history":[{"count":9,"href":"https:\/\/setles.si\/de\/wp-json\/wp\/v2\/pages\/887\/revisions"}],"predecessor-version":[{"id":1493,"href":"https:\/\/setles.si\/de\/wp-json\/wp\/v2\/pages\/887\/revisions\/1493"}],"wp:attachment":[{"href":"https:\/\/setles.si\/de\/wp-json\/wp\/v2\/media?parent=887"}],"curies":[{"name":"wp","href":"https:\/\/api.w.org\/{rel}","templated":true}]}}