{"id":683,"date":"2024-11-05T14:12:44","date_gmt":"2024-11-05T14:12:44","guid":{"rendered":"https:\/\/setles.si\/?page_id=683"},"modified":"2024-12-19T09:39:06","modified_gmt":"2024-12-19T09:39:06","slug":"jagdmesse-in-salzburg-osterreich","status":"publish","type":"page","link":"https:\/\/setles.si\/de\/jagdmesse-in-salzburg-osterreich\/","title":{"rendered":"Salzburger Jagdmesse (\u00d6sterreich)"},"content":{"rendered":"<div data-elementor-type=\"wp-page\" data-elementor-id=\"683\" class=\"elementor elementor-683\" data-elementor-post-type=\"page\">\n\t\t\t\t\t\t<section class=\"elementor-section elementor-top-section elementor-element elementor-element-2876d6d9 elementor-section-boxed elementor-section-height-default elementor-section-height-default\" data-id=\"2876d6d9\" data-element_type=\"section\" data-e-type=\"section\" data-settings=\"{&quot;background_background&quot;:&quot;classic&quot;}\">\n\t\t\t\t\t\t\t<div class=\"elementor-background-overlay\"><\/div>\n\t\t\t\t\t\t\t<div class=\"elementor-container elementor-column-gap-default\">\n\t\t\t\t\t<div class=\"elementor-column elementor-col-100 elementor-top-column elementor-element elementor-element-4d00100\" data-id=\"4d00100\" data-element_type=\"column\" data-e-type=\"column\">\n\t\t\t<div class=\"elementor-widget-wrap elementor-element-populated\">\n\t\t\t\t\t\t<section class=\"elementor-section elementor-inner-section elementor-element elementor-element-39fedb1d elementor-section-boxed elementor-section-height-default elementor-section-height-default\" data-id=\"39fedb1d\" data-element_type=\"section\" data-e-type=\"section\">\n\t\t\t\t\t\t<div class=\"elementor-container elementor-column-gap-default\">\n\t\t\t\t\t<div class=\"elementor-column elementor-col-100 elementor-inner-column elementor-element elementor-element-1eaabb69\" data-id=\"1eaabb69\" data-element_type=\"column\" data-e-type=\"column\">\n\t\t\t<div class=\"elementor-widget-wrap elementor-element-populated\">\n\t\t\t\t\t\t<div class=\"elementor-element elementor-element-63e5ea0b elementor-widget elementor-widget-heading\" data-id=\"63e5ea0b\" data-element_type=\"widget\" data-e-type=\"widget\" data-widget_type=\"heading.default\">\n\t\t\t\t<div class=\"elementor-widget-container\">\n\t\t\t\t\t<h1 class=\"elementor-heading-title elementor-size-default\">Salzburger Jagdmesse (\u00d6sterreich)<\/h1>\t\t\t\t<\/div>\n\t\t\t\t<\/div>\n\t\t\t\t\t<\/div>\n\t\t<\/div>\n\t\t\t\t\t<\/div>\n\t\t<\/section>\n\t\t\t\t\t<\/div>\n\t\t<\/div>\n\t\t\t\t\t<\/div>\n\t\t<\/section>\n\t\t\t\t<section class=\"elementor-section elementor-top-section elementor-element elementor-element-a3c739d elementor-section-boxed elementor-section-height-default elementor-section-height-default\" data-id=\"a3c739d\" data-element_type=\"section\" data-e-type=\"section\">\n\t\t\t\t\t\t<div class=\"elementor-container elementor-column-gap-default\">\n\t\t\t\t\t<div class=\"elementor-column elementor-col-100 elementor-top-column elementor-element elementor-element-c5d5b44\" data-id=\"c5d5b44\" data-element_type=\"column\" data-e-type=\"column\">\n\t\t\t<div class=\"elementor-widget-wrap elementor-element-populated\">\n\t\t\t\t\t\t<div class=\"elementor-element elementor-element-904bb47 elementor-widget elementor-widget-heading\" data-id=\"904bb47\" data-element_type=\"widget\" data-e-type=\"widget\" data-widget_type=\"heading.default\">\n\t\t\t\t<div class=\"elementor-widget-container\">\n\t\t\t\t\t<h2 class=\"elementor-heading-title elementor-size-default\">Jagdmesse<\/h2>\t\t\t\t<\/div>\n\t\t\t\t<\/div>\n\t\t\t\t<div class=\"elementor-element elementor-element-68b7168 elementor-widget elementor-widget-text-editor\" data-id=\"68b7168\" data-element_type=\"widget\" data-e-type=\"widget\" data-widget_type=\"text-editor.default\">\n\t\t\t\t<div class=\"elementor-widget-container\">\n\t\t\t\t\t\t\t\t\t<p>Auf der Salzburger Jagdmesse pr\u00e4sentierten wir unsere neueste Kollektion, die einzigartige M\u00f6bel und innovative Designs speziell f\u00fcr Jagdzimmer und Weinkeller umfasst. Die Veranstaltung war eine gro\u00dfartige Gelegenheit, sich mit Enthusiasten und Branchenexperten zu vernetzen und unser Engagement f\u00fcr Qualit\u00e4t und funktionales Design zu demonstrieren. Durch den Messebesuch haben wir unsere Pr\u00e4senz in der Branche gest\u00e4rkt und wertvolles Feedback erhalten, das uns f\u00fcr die weitere Entwicklung inspiriert.<\/p>\t\t\t\t\t\t\t\t<\/div>\n\t\t\t\t<\/div>\n\t\t\t\t<div class=\"elementor-element elementor-element-223c348 elementor-widget elementor-widget-gallery\" data-id=\"223c348\" data-element_type=\"widget\" data-e-type=\"widget\" data-settings=\"{&quot;columns&quot;:3,&quot;lazyload&quot;:&quot;yes&quot;,&quot;gallery_layout&quot;:&quot;grid&quot;,&quot;columns_tablet&quot;:2,&quot;columns_mobile&quot;:1,&quot;gap&quot;:{&quot;unit&quot;:&quot;px&quot;,&quot;size&quot;:10,&quot;sizes&quot;:[]},&quot;gap_tablet&quot;:{&quot;unit&quot;:&quot;px&quot;,&quot;size&quot;:10,&quot;sizes&quot;:[]},&quot;gap_mobile&quot;:{&quot;unit&quot;:&quot;px&quot;,&quot;size&quot;:10,&quot;sizes&quot;:[]},&quot;link_to&quot;:&quot;file&quot;,&quot;aspect_ratio&quot;:&quot;3:2&quot;,&quot;overlay_background&quot;:&quot;yes&quot;,&quot;content_hover_animation&quot;:&quot;fade-in&quot;}\" data-widget_type=\"gallery.default\">\n\t\t\t\t<div class=\"elementor-widget-container\">\n\t\t\t\t\t\t\t<div class=\"elementor-gallery__container\">\n\t\t\t\t\t\t\t<a class=\"e-gallery-item elementor-gallery-item elementor-animated-content\" href=\"https:\/\/setles.si\/wp-content\/uploads\/2024\/11\/Lov04-1.jpg\" data-elementor-open-lightbox=\"yes\" data-elementor-lightbox-slideshow=\"223c348\" data-elementor-lightbox-title=\"Lov04 (1)\" data-e-action-hash=\"#elementor-action%3Aaction%3Dlightbox%26settings%3DeyJpZCI6NjkwLCJ1cmwiOiJodHRwczpcL1wvc2V0bGVzLnNpXC93cC1jb250ZW50XC91cGxvYWRzXC8yMDI0XC8xMVwvTG92MDQtMS5qcGciLCJzbGlkZXNob3ciOiIyMjNjMzQ4In0%3D\">\n\t\t\t\t\t<div class=\"e-gallery-image elementor-gallery-item__image\" data-thumbnail=\"https:\/\/setles.si\/wp-content\/uploads\/2024\/11\/Lov04-1.jpg\" data-width=\"1920\" data-height=\"1080\" aria-label=\"\" role=\"img\" ><\/div>\n\t\t\t\t\t\t\t\t\t\t\t<div class=\"elementor-gallery-item__overlay\"><\/div>\n\t\t\t\t\t\t\t\t\t\t\t\t\t\t<\/a>\n\t\t\t\t\t\t\t<a class=\"e-gallery-item elementor-gallery-item elementor-animated-content\" href=\"https:\/\/setles.si\/wp-content\/uploads\/2024\/11\/Lov07.jpg\" data-elementor-open-lightbox=\"yes\" data-elementor-lightbox-slideshow=\"223c348\" data-elementor-lightbox-title=\"Lov07\" data-e-action-hash=\"#elementor-action%3Aaction%3Dlightbox%26settings%3DeyJpZCI6NjkxLCJ1cmwiOiJodHRwczpcL1wvc2V0bGVzLnNpXC93cC1jb250ZW50XC91cGxvYWRzXC8yMDI0XC8xMVwvTG92MDcuanBnIiwic2xpZGVzaG93IjoiMjIzYzM0OCJ9\">\n\t\t\t\t\t<div class=\"e-gallery-image elementor-gallery-item__image\" data-thumbnail=\"https:\/\/setles.si\/wp-content\/uploads\/2024\/11\/Lov07.jpg\" data-width=\"1920\" data-height=\"1080\" aria-label=\"\" role=\"img\" ><\/div>\n\t\t\t\t\t\t\t\t\t\t\t<div class=\"elementor-gallery-item__overlay\"><\/div>\n\t\t\t\t\t\t\t\t\t\t\t\t\t\t<\/a>\n\t\t\t\t\t\t\t<a class=\"e-gallery-item elementor-gallery-item elementor-animated-content\" href=\"https:\/\/setles.si\/wp-content\/uploads\/2024\/11\/Lov14-1.jpg\" data-elementor-open-lightbox=\"yes\" data-elementor-lightbox-slideshow=\"223c348\" data-elementor-lightbox-title=\"Lov14\" data-e-action-hash=\"#elementor-action%3Aaction%3Dlightbox%26settings%3DeyJpZCI6Njk3LCJ1cmwiOiJodHRwczpcL1wvc2V0bGVzLnNpXC93cC1jb250ZW50XC91cGxvYWRzXC8yMDI0XC8xMVwvTG92MTQtMS5qcGciLCJzbGlkZXNob3ciOiIyMjNjMzQ4In0%3D\">\n\t\t\t\t\t<div class=\"e-gallery-image elementor-gallery-item__image\" data-thumbnail=\"https:\/\/setles.si\/wp-content\/uploads\/2024\/11\/Lov14-1.jpg\" data-width=\"1920\" data-height=\"1080\" aria-label=\"\" role=\"img\" ><\/div>\n\t\t\t\t\t\t\t\t\t\t\t<div class=\"elementor-gallery-item__overlay\"><\/div>\n\t\t\t\t\t\t\t\t\t\t\t\t\t\t<\/a>\n\t\t\t\t\t\t\t<a class=\"e-gallery-item elementor-gallery-item elementor-animated-content\" href=\"https:\/\/setles.si\/wp-content\/uploads\/2024\/11\/Lov09.jpg\" data-elementor-open-lightbox=\"yes\" data-elementor-lightbox-slideshow=\"223c348\" data-elementor-lightbox-title=\"Lov09\" data-e-action-hash=\"#elementor-action%3Aaction%3Dlightbox%26settings%3DeyJpZCI6NjkzLCJ1cmwiOiJodHRwczpcL1wvc2V0bGVzLnNpXC93cC1jb250ZW50XC91cGxvYWRzXC8yMDI0XC8xMVwvTG92MDkuanBnIiwic2xpZGVzaG93IjoiMjIzYzM0OCJ9\">\n\t\t\t\t\t<div class=\"e-gallery-image elementor-gallery-item__image\" data-thumbnail=\"https:\/\/setles.si\/wp-content\/uploads\/2024\/11\/Lov09.jpg\" data-width=\"1920\" data-height=\"1080\" aria-label=\"\" role=\"img\" ><\/div>\n\t\t\t\t\t\t\t\t\t\t\t<div class=\"elementor-gallery-item__overlay\"><\/div>\n\t\t\t\t\t\t\t\t\t\t\t\t\t\t<\/a>\n\t\t\t\t\t\t\t<a class=\"e-gallery-item elementor-gallery-item elementor-animated-content\" href=\"https:\/\/setles.si\/wp-content\/uploads\/2024\/11\/Lov10.jpg\" data-elementor-open-lightbox=\"yes\" data-elementor-lightbox-slideshow=\"223c348\" data-elementor-lightbox-title=\"Lov10\" data-e-action-hash=\"#elementor-action%3Aaction%3Dlightbox%26settings%3DeyJpZCI6Njk0LCJ1cmwiOiJodHRwczpcL1wvc2V0bGVzLnNpXC93cC1jb250ZW50XC91cGxvYWRzXC8yMDI0XC8xMVwvTG92MTAuanBnIiwic2xpZGVzaG93IjoiMjIzYzM0OCJ9\">\n\t\t\t\t\t<div class=\"e-gallery-image elementor-gallery-item__image\" data-thumbnail=\"https:\/\/setles.si\/wp-content\/uploads\/2024\/11\/Lov10.jpg\" data-width=\"1920\" data-height=\"1080\" aria-label=\"\" role=\"img\" ><\/div>\n\t\t\t\t\t\t\t\t\t\t\t<div class=\"elementor-gallery-item__overlay\"><\/div>\n\t\t\t\t\t\t\t\t\t\t\t\t\t\t<\/a>\n\t\t\t\t\t\t\t<a class=\"e-gallery-item elementor-gallery-item elementor-animated-content\" href=\"https:\/\/setles.si\/wp-content\/uploads\/2024\/11\/Lov11.jpg\" data-elementor-open-lightbox=\"yes\" data-elementor-lightbox-slideshow=\"223c348\" data-elementor-lightbox-title=\"Lov11\" data-e-action-hash=\"#elementor-action%3Aaction%3Dlightbox%26settings%3DeyJpZCI6Njk1LCJ1cmwiOiJodHRwczpcL1wvc2V0bGVzLnNpXC93cC1jb250ZW50XC91cGxvYWRzXC8yMDI0XC8xMVwvTG92MTEuanBnIiwic2xpZGVzaG93IjoiMjIzYzM0OCJ9\">\n\t\t\t\t\t<div class=\"e-gallery-image elementor-gallery-item__image\" data-thumbnail=\"https:\/\/setles.si\/wp-content\/uploads\/2024\/11\/Lov11.jpg\" data-width=\"1920\" data-height=\"1080\" aria-label=\"\" role=\"img\" ><\/div>\n\t\t\t\t\t\t\t\t\t\t\t<div class=\"elementor-gallery-item__overlay\"><\/div>\n\t\t\t\t\t\t\t\t\t\t\t\t\t\t<\/a>\n\t\t\t\t\t\t\t<a class=\"e-gallery-item elementor-gallery-item elementor-animated-content\" href=\"https:\/\/setles.si\/wp-content\/uploads\/2024\/11\/Lov12.jpg\" data-elementor-open-lightbox=\"yes\" data-elementor-lightbox-slideshow=\"223c348\" data-elementor-lightbox-title=\"Lov12\" data-e-action-hash=\"#elementor-action%3Aaction%3Dlightbox%26settings%3DeyJpZCI6Njk2LCJ1cmwiOiJodHRwczpcL1wvc2V0bGVzLnNpXC93cC1jb250ZW50XC91cGxvYWRzXC8yMDI0XC8xMVwvTG92MTIuanBnIiwic2xpZGVzaG93IjoiMjIzYzM0OCJ9\">\n\t\t\t\t\t<div class=\"e-gallery-image elementor-gallery-item__image\" data-thumbnail=\"https:\/\/setles.si\/wp-content\/uploads\/2024\/11\/Lov12.jpg\" data-width=\"1920\" data-height=\"1080\" aria-label=\"\" role=\"img\" ><\/div>\n\t\t\t\t\t\t\t\t\t\t\t<div class=\"elementor-gallery-item__overlay\"><\/div>\n\t\t\t\t\t\t\t\t\t\t\t\t\t\t<\/a>\n\t\t\t\t\t\t\t<a class=\"e-gallery-item elementor-gallery-item elementor-animated-content\" href=\"https:\/\/setles.si\/wp-content\/uploads\/2024\/11\/Lov02.jpg\" data-elementor-open-lightbox=\"yes\" data-elementor-lightbox-slideshow=\"223c348\" data-elementor-lightbox-title=\"Lov02\" data-e-action-hash=\"#elementor-action%3Aaction%3Dlightbox%26settings%3DeyJpZCI6Njg4LCJ1cmwiOiJodHRwczpcL1wvc2V0bGVzLnNpXC93cC1jb250ZW50XC91cGxvYWRzXC8yMDI0XC8xMVwvTG92MDIuanBnIiwic2xpZGVzaG93IjoiMjIzYzM0OCJ9\">\n\t\t\t\t\t<div class=\"e-gallery-image elementor-gallery-item__image\" data-thumbnail=\"https:\/\/setles.si\/wp-content\/uploads\/2024\/11\/Lov02.jpg\" data-width=\"1920\" data-height=\"1080\" aria-label=\"\" role=\"img\" ><\/div>\n\t\t\t\t\t\t\t\t\t\t\t<div class=\"elementor-gallery-item__overlay\"><\/div>\n\t\t\t\t\t\t\t\t\t\t\t\t\t\t<\/a>\n\t\t\t\t\t\t\t<a class=\"e-gallery-item elementor-gallery-item elementor-animated-content\" href=\"https:\/\/setles.si\/wp-content\/uploads\/2024\/11\/Lov08.jpg\" data-elementor-open-lightbox=\"yes\" data-elementor-lightbox-slideshow=\"223c348\" data-elementor-lightbox-title=\"Lov08\" data-e-action-hash=\"#elementor-action%3Aaction%3Dlightbox%26settings%3DeyJpZCI6NjkyLCJ1cmwiOiJodHRwczpcL1wvc2V0bGVzLnNpXC93cC1jb250ZW50XC91cGxvYWRzXC8yMDI0XC8xMVwvTG92MDguanBnIiwic2xpZGVzaG93IjoiMjIzYzM0OCJ9\">\n\t\t\t\t\t<div class=\"e-gallery-image elementor-gallery-item__image\" data-thumbnail=\"https:\/\/setles.si\/wp-content\/uploads\/2024\/11\/Lov08.jpg\" data-width=\"1920\" data-height=\"1080\" aria-label=\"\" role=\"img\" ><\/div>\n\t\t\t\t\t\t\t\t\t\t\t<div class=\"elementor-gallery-item__overlay\"><\/div>\n\t\t\t\t\t\t\t\t\t\t\t\t\t\t<\/a>\n\t\t\t\t\t\t\t<a class=\"e-gallery-item elementor-gallery-item elementor-animated-content\" href=\"https:\/\/setles.si\/wp-content\/uploads\/2024\/11\/Lov03.jpg\" data-elementor-open-lightbox=\"yes\" data-elementor-lightbox-slideshow=\"223c348\" data-elementor-lightbox-title=\"Lov03\" data-e-action-hash=\"#elementor-action%3Aaction%3Dlightbox%26settings%3DeyJpZCI6Njg5LCJ1cmwiOiJodHRwczpcL1wvc2V0bGVzLnNpXC93cC1jb250ZW50XC91cGxvYWRzXC8yMDI0XC8xMVwvTG92MDMuanBnIiwic2xpZGVzaG93IjoiMjIzYzM0OCJ9\">\n\t\t\t\t\t<div class=\"e-gallery-image elementor-gallery-item__image\" data-thumbnail=\"https:\/\/setles.si\/wp-content\/uploads\/2024\/11\/Lov03.jpg\" data-width=\"1920\" data-height=\"1080\" aria-label=\"\" role=\"img\" ><\/div>\n\t\t\t\t\t\t\t\t\t\t\t<div class=\"elementor-gallery-item__overlay\"><\/div>\n\t\t\t\t\t\t\t\t\t\t\t\t\t\t<\/a>\n\t\t\t\t\t<\/div>\n\t\t\t\t\t<\/div>\n\t\t\t\t<\/div>\n\t\t\t\t\t<\/div>\n\t\t<\/div>\n\t\t\t\t\t<\/div>\n\t\t<\/section>\n\t\t\t\t<\/div>","protected":false},"excerpt":{"rendered":"<p>Lovski Sejem Na Salzburg\u0161kem lovskem sejmu smo predstavili na\u0161o najnovej\u0161o kolekcijo, ki vklju\u010duje edinstveno pohi\u0161tvo in inovativne modele, prilagojene za lovske sobe in vinske kleti. Dogodek je bil odli\u010dna prilo\u017enost za navezovanje stikov z navdu\u0161enci in strokovnjaki iz panoge ter za predstavitev na\u0161e predanosti kakovosti in funkcionalnemu dizajnu. Z obiskom sejma smo utrdili svojo prisotnost [&hellip;]<\/p>\n","protected":false},"author":1,"featured_media":0,"parent":0,"menu_order":0,"comment_status":"closed","ping_status":"closed","template":"elementor_header_footer","meta":{"footnotes":""},"class_list":["post-683","page","type-page","status-publish","hentry"],"yoast_head":"<!-- This site is optimized with the Yoast SEO plugin v27.6 - https:\/\/yoast.com\/product\/yoast-seo-wordpress\/ -->\n<title>Lovski sejem v Salzburgu (Avstrija) - SETLES<\/title>\n<meta name=\"robots\" content=\"index, follow, max-snippet:-1, max-image-preview:large, max-video-preview:-1\" \/>\n<link rel=\"canonical\" href=\"https:\/\/setles.si\/de\/jagdmesse-in-salzburg-osterreich\/\" \/>\n<meta property=\"og:locale\" content=\"de_DE\" \/>\n<meta property=\"og:type\" content=\"article\" \/>\n<meta property=\"og:title\" content=\"Lovski sejem v Salzburgu (Avstrija) - SETLES\" \/>\n<meta property=\"og:description\" content=\"Lovski Sejem Na Salzburg\u0161kem lovskem sejmu smo predstavili na\u0161o najnovej\u0161o kolekcijo, ki vklju\u010duje edinstveno pohi\u0161tvo in inovativne modele, prilagojene za lovske sobe in vinske kleti. Dogodek je bil odli\u010dna prilo\u017enost za navezovanje stikov z navdu\u0161enci in strokovnjaki iz panoge ter za predstavitev na\u0161e predanosti kakovosti in funkcionalnemu dizajnu. Z obiskom sejma smo utrdili svojo prisotnost [&hellip;]\" \/>\n<meta property=\"og:url\" content=\"https:\/\/setles.si\/de\/jagdmesse-in-salzburg-osterreich\/\" \/>\n<meta property=\"og:site_name\" content=\"SETLES\" \/>\n<meta property=\"article:publisher\" content=\"https:\/\/www.facebook.com\/profile.php?id=100084199638007\" \/>\n<meta property=\"article:modified_time\" content=\"2024-12-19T09:39:06+00:00\" \/>\n<meta property=\"og:image\" content=\"https:\/\/setles.si\/wp-content\/uploads\/2024\/12\/Setles-43.webp\" \/>\n\t<meta property=\"og:image:width\" content=\"2000\" \/>\n\t<meta property=\"og:image:height\" content=\"1335\" \/>\n\t<meta property=\"og:image:type\" content=\"image\/webp\" \/>\n<meta name=\"twitter:card\" content=\"summary_large_image\" \/>\n<meta name=\"twitter:site\" content=\"@setles_official\" \/>\n<meta name=\"twitter:label1\" content=\"Gesch\u00e4tzte Lesezeit\" \/>\n\t<meta name=\"twitter:data1\" content=\"1\u00a0Minute\" \/>\n<script type=\"application\/ld+json\" class=\"yoast-schema-graph\">{\"@context\":\"https:\\\/\\\/schema.org\",\"@graph\":[{\"@type\":\"WebPage\",\"@id\":\"https:\\\/\\\/setles.si\\\/lovski-sejem-v-salzburgu-avstrija\\\/\",\"url\":\"https:\\\/\\\/setles.si\\\/lovski-sejem-v-salzburgu-avstrija\\\/\",\"name\":\"Lovski sejem v Salzburgu (Avstrija) - SETLES\",\"isPartOf\":{\"@id\":\"https:\\\/\\\/setles.si\\\/#website\"},\"datePublished\":\"2024-11-05T14:12:44+00:00\",\"dateModified\":\"2024-12-19T09:39:06+00:00\",\"breadcrumb\":{\"@id\":\"https:\\\/\\\/setles.si\\\/lovski-sejem-v-salzburgu-avstrija\\\/#breadcrumb\"},\"inLanguage\":\"de\",\"potentialAction\":[{\"@type\":\"ReadAction\",\"target\":[\"https:\\\/\\\/setles.si\\\/lovski-sejem-v-salzburgu-avstrija\\\/\"]}]},{\"@type\":\"BreadcrumbList\",\"@id\":\"https:\\\/\\\/setles.si\\\/lovski-sejem-v-salzburgu-avstrija\\\/#breadcrumb\",\"itemListElement\":[{\"@type\":\"ListItem\",\"position\":1,\"name\":\"Home\",\"item\":\"https:\\\/\\\/setles.si\\\/\"},{\"@type\":\"ListItem\",\"position\":2,\"name\":\"Lovski sejem v Salzburgu (Avstrija)\"}]},{\"@type\":\"WebSite\",\"@id\":\"https:\\\/\\\/setles.si\\\/#website\",\"url\":\"https:\\\/\\\/setles.si\\\/\",\"name\":\"SETLES\",\"description\":\"Mojstri masivnega lesa\",\"publisher\":{\"@id\":\"https:\\\/\\\/setles.si\\\/#organization\"},\"potentialAction\":[{\"@type\":\"SearchAction\",\"target\":{\"@type\":\"EntryPoint\",\"urlTemplate\":\"https:\\\/\\\/setles.si\\\/?s={search_term_string}\"},\"query-input\":{\"@type\":\"PropertyValueSpecification\",\"valueRequired\":true,\"valueName\":\"search_term_string\"}}],\"inLanguage\":\"de\"},{\"@type\":\"Organization\",\"@id\":\"https:\\\/\\\/setles.si\\\/#organization\",\"name\":\"SETLES D.O.O.\",\"url\":\"https:\\\/\\\/setles.si\\\/\",\"logo\":{\"@type\":\"ImageObject\",\"inLanguage\":\"de\",\"@id\":\"https:\\\/\\\/setles.si\\\/#\\\/schema\\\/logo\\\/image\\\/\",\"url\":\"https:\\\/\\\/setles.si\\\/wp-content\\\/uploads\\\/2024\\\/11\\\/android-chrome-210x210-1.png\",\"contentUrl\":\"https:\\\/\\\/setles.si\\\/wp-content\\\/uploads\\\/2024\\\/11\\\/android-chrome-210x210-1.png\",\"width\":210,\"height\":210,\"caption\":\"SETLES D.O.O.\"},\"image\":{\"@id\":\"https:\\\/\\\/setles.si\\\/#\\\/schema\\\/logo\\\/image\\\/\"},\"sameAs\":[\"https:\\\/\\\/www.facebook.com\\\/profile.php?id=100084199638007\",\"https:\\\/\\\/x.com\\\/setles_official\",\"https:\\\/\\\/www.instagram.com\\\/setles_official\\\/\",\"https:\\\/\\\/www.linkedin.com\\\/company\\\/setles\\\/about\\\/\"]}]}<\/script>\n<!-- \/ Yoast SEO plugin. -->","yoast_head_json":{"title":"Lovski sejem v Salzburgu (Avstrija) - SETLES","robots":{"index":"index","follow":"follow","max-snippet":"max-snippet:-1","max-image-preview":"max-image-preview:large","max-video-preview":"max-video-preview:-1"},"canonical":"https:\/\/setles.si\/de\/jagdmesse-in-salzburg-osterreich\/","og_locale":"de_DE","og_type":"article","og_title":"Lovski sejem v Salzburgu (Avstrija) - SETLES","og_description":"Lovski Sejem Na Salzburg\u0161kem lovskem sejmu smo predstavili na\u0161o najnovej\u0161o kolekcijo, ki vklju\u010duje edinstveno pohi\u0161tvo in inovativne modele, prilagojene za lovske sobe in vinske kleti. Dogodek je bil odli\u010dna prilo\u017enost za navezovanje stikov z navdu\u0161enci in strokovnjaki iz panoge ter za predstavitev na\u0161e predanosti kakovosti in funkcionalnemu dizajnu. Z obiskom sejma smo utrdili svojo prisotnost [&hellip;]","og_url":"https:\/\/setles.si\/de\/jagdmesse-in-salzburg-osterreich\/","og_site_name":"SETLES","article_publisher":"https:\/\/www.facebook.com\/profile.php?id=100084199638007","article_modified_time":"2024-12-19T09:39:06+00:00","og_image":[{"width":2000,"height":1335,"url":"https:\/\/setles.si\/wp-content\/uploads\/2024\/12\/Setles-43.webp","type":"image\/webp"}],"twitter_card":"summary_large_image","twitter_site":"@setles_official","twitter_misc":{"Gesch\u00e4tzte Lesezeit":"1\u00a0Minute"},"schema":{"@context":"https:\/\/schema.org","@graph":[{"@type":"WebPage","@id":"https:\/\/setles.si\/lovski-sejem-v-salzburgu-avstrija\/","url":"https:\/\/setles.si\/lovski-sejem-v-salzburgu-avstrija\/","name":"Lovski sejem v Salzburgu (Avstrija) - SETLES","isPartOf":{"@id":"https:\/\/setles.si\/#website"},"datePublished":"2024-11-05T14:12:44+00:00","dateModified":"2024-12-19T09:39:06+00:00","breadcrumb":{"@id":"https:\/\/setles.si\/lovski-sejem-v-salzburgu-avstrija\/#breadcrumb"},"inLanguage":"de","potentialAction":[{"@type":"ReadAction","target":["https:\/\/setles.si\/lovski-sejem-v-salzburgu-avstrija\/"]}]},{"@type":"BreadcrumbList","@id":"https:\/\/setles.si\/lovski-sejem-v-salzburgu-avstrija\/#breadcrumb","itemListElement":[{"@type":"ListItem","position":1,"name":"Home","item":"https:\/\/setles.si\/"},{"@type":"ListItem","position":2,"name":"Lovski sejem v Salzburgu (Avstrija)"}]},{"@type":"WebSite","@id":"https:\/\/setles.si\/#website","url":"https:\/\/setles.si\/","name":"SETLES","description":"Mojstri masivnega lesa","publisher":{"@id":"https:\/\/setles.si\/#organization"},"potentialAction":[{"@type":"SearchAction","target":{"@type":"EntryPoint","urlTemplate":"https:\/\/setles.si\/?s={search_term_string}"},"query-input":{"@type":"PropertyValueSpecification","valueRequired":true,"valueName":"search_term_string"}}],"inLanguage":"de"},{"@type":"Organization","@id":"https:\/\/setles.si\/#organization","name":"SETLES D.O.O.","url":"https:\/\/setles.si\/","logo":{"@type":"ImageObject","inLanguage":"de","@id":"https:\/\/setles.si\/#\/schema\/logo\/image\/","url":"https:\/\/setles.si\/wp-content\/uploads\/2024\/11\/android-chrome-210x210-1.png","contentUrl":"https:\/\/setles.si\/wp-content\/uploads\/2024\/11\/android-chrome-210x210-1.png","width":210,"height":210,"caption":"SETLES D.O.O."},"image":{"@id":"https:\/\/setles.si\/#\/schema\/logo\/image\/"},"sameAs":["https:\/\/www.facebook.com\/profile.php?id=100084199638007","https:\/\/x.com\/setles_official","https:\/\/www.instagram.com\/setles_official\/","https:\/\/www.linkedin.com\/company\/setles\/about\/"]}]}},"jetpack_sharing_enabled":true,"_links":{"self":[{"href":"https:\/\/setles.si\/de\/wp-json\/wp\/v2\/pages\/683","targetHints":{"allow":["GET"]}}],"collection":[{"href":"https:\/\/setles.si\/de\/wp-json\/wp\/v2\/pages"}],"about":[{"href":"https:\/\/setles.si\/de\/wp-json\/wp\/v2\/types\/page"}],"author":[{"embeddable":true,"href":"https:\/\/setles.si\/de\/wp-json\/wp\/v2\/users\/1"}],"replies":[{"embeddable":true,"href":"https:\/\/setles.si\/de\/wp-json\/wp\/v2\/comments?post=683"}],"version-history":[{"count":18,"href":"https:\/\/setles.si\/de\/wp-json\/wp\/v2\/pages\/683\/revisions"}],"predecessor-version":[{"id":1489,"href":"https:\/\/setles.si\/de\/wp-json\/wp\/v2\/pages\/683\/revisions\/1489"}],"wp:attachment":[{"href":"https:\/\/setles.si\/de\/wp-json\/wp\/v2\/media?parent=683"}],"curies":[{"name":"wp","href":"https:\/\/api.w.org\/{rel}","templated":true}]}}