{"id":395,"date":"2024-11-01T11:40:02","date_gmt":"2024-11-01T11:40:02","guid":{"rendered":"https:\/\/setles.si\/?page_id=395"},"modified":"2024-12-18T12:37:47","modified_gmt":"2024-12-18T12:37:47","slug":"projekte","status":"publish","type":"page","link":"https:\/\/setles.si\/de\/projekte\/","title":{"rendered":"Projekte"},"content":{"rendered":"<div data-elementor-type=\"wp-page\" data-elementor-id=\"395\" class=\"elementor elementor-395\" data-elementor-post-type=\"page\">\n\t\t\t\t\t\t<section class=\"elementor-section elementor-top-section elementor-element elementor-element-2876d6d9 elementor-section-boxed elementor-section-height-default elementor-section-height-default\" data-id=\"2876d6d9\" data-element_type=\"section\" data-e-type=\"section\" data-settings=\"{&quot;background_background&quot;:&quot;classic&quot;}\">\n\t\t\t\t\t\t\t<div class=\"elementor-background-overlay\"><\/div>\n\t\t\t\t\t\t\t<div class=\"elementor-container elementor-column-gap-default\">\n\t\t\t\t\t<div class=\"elementor-column elementor-col-100 elementor-top-column elementor-element elementor-element-4d00100\" data-id=\"4d00100\" data-element_type=\"column\" data-e-type=\"column\">\n\t\t\t<div class=\"elementor-widget-wrap elementor-element-populated\">\n\t\t\t\t\t\t<section class=\"elementor-section elementor-inner-section elementor-element elementor-element-39fedb1d elementor-section-boxed elementor-section-height-default elementor-section-height-default\" data-id=\"39fedb1d\" data-element_type=\"section\" data-e-type=\"section\">\n\t\t\t\t\t\t<div class=\"elementor-container elementor-column-gap-default\">\n\t\t\t\t\t<div class=\"elementor-column elementor-col-100 elementor-inner-column elementor-element elementor-element-1eaabb69\" data-id=\"1eaabb69\" data-element_type=\"column\" data-e-type=\"column\">\n\t\t\t<div class=\"elementor-widget-wrap elementor-element-populated\">\n\t\t\t\t\t\t<div class=\"elementor-element elementor-element-63e5ea0b elementor-widget elementor-widget-heading\" data-id=\"63e5ea0b\" data-element_type=\"widget\" data-e-type=\"widget\" data-widget_type=\"heading.default\">\n\t\t\t\t<div class=\"elementor-widget-container\">\n\t\t\t\t\t<h1 class=\"elementor-heading-title elementor-size-default\">Projekte<\/h1>\t\t\t\t<\/div>\n\t\t\t\t<\/div>\n\t\t\t\t\t<\/div>\n\t\t<\/div>\n\t\t\t\t\t<\/div>\n\t\t<\/section>\n\t\t\t\t\t<\/div>\n\t\t<\/div>\n\t\t\t\t\t<\/div>\n\t\t<\/section>\n\t\t\t\t<section class=\"elementor-section elementor-top-section elementor-element elementor-element-b1da175 elementor-section-boxed elementor-section-height-default elementor-section-height-default\" data-id=\"b1da175\" data-element_type=\"section\" data-e-type=\"section\">\n\t\t\t\t\t\t<div class=\"elementor-container elementor-column-gap-default\">\n\t\t\t\t\t<div class=\"elementor-column elementor-col-100 elementor-top-column elementor-element elementor-element-74e29bc\" data-id=\"74e29bc\" data-element_type=\"column\" data-e-type=\"column\">\n\t\t\t<div class=\"elementor-widget-wrap elementor-element-populated\">\n\t\t\t\t\t\t<section class=\"elementor-section elementor-inner-section elementor-element elementor-element-ae1bc6f elementor-section-boxed elementor-section-height-default elementor-section-height-default elementor-invisible\" data-id=\"ae1bc6f\" data-element_type=\"section\" data-e-type=\"section\" data-settings=\"{&quot;animation&quot;:&quot;fadeIn&quot;,&quot;animation_delay&quot;:400}\">\n\t\t\t\t\t\t<div class=\"elementor-container elementor-column-gap-default\">\n\t\t\t\t\t<div class=\"elementor-column elementor-col-33 elementor-inner-column elementor-element elementor-element-cacfd2a\" data-id=\"cacfd2a\" data-element_type=\"column\" data-e-type=\"column\">\n\t\t\t<div class=\"elementor-widget-wrap elementor-element-populated\">\n\t\t\t\t\t\t<div class=\"elementor-element elementor-element-0deebcd elementor-cta--skin-cover elementor-cta--valign-middle elementor-bg-transform elementor-bg-transform-zoom-in elementor-widget elementor-widget-call-to-action\" data-id=\"0deebcd\" data-element_type=\"widget\" data-e-type=\"widget\" data-widget_type=\"call-to-action.default\">\n\t\t\t\t<div class=\"elementor-widget-container\">\n\t\t\t\t\t\t\t<div class=\"elementor-cta\">\n\t\t\t\t\t<div class=\"elementor-cta__bg-wrapper\">\n\t\t\t\t<div class=\"elementor-cta__bg elementor-bg\" style=\"background-image: url(https:\/\/setles.si\/wp-content\/uploads\/2024\/11\/Lov04.jpg);\" role=\"img\" aria-label=\"Lov04\"><\/div>\n\t\t\t\t<div class=\"elementor-cta__bg-overlay\"><\/div>\n\t\t\t<\/div>\n\t\t\t\t\t\t\t<div class=\"elementor-cta__content\">\n\t\t\t\t\n\t\t\t\t\t\t\t\t\t<h4 class=\"elementor-cta__title elementor-cta__content-item elementor-content-item\">\n\t\t\t\t\t\tSalzburger Jagdmesse (\u00d6sterreich)\t\t\t\t\t<\/h4>\n\t\t\t\t\n\t\t\t\t\n\t\t\t\t\t\t\t\t\t<div class=\"elementor-cta__button-wrapper elementor-cta__content-item elementor-content-item\">\n\t\t\t\t\t<a class=\"elementor-cta__button elementor-button elementor-size-\" href=\"https:\/\/setles.si\/de\/jagdmesse-in-salzburg-osterreich\/\">\n\t\t\t\t\t\tMehr lesen\t\t\t\t\t<\/a>\n\t\t\t\t\t<\/div>\n\t\t\t\t\t\t\t<\/div>\n\t\t\t\t\t\t<\/div>\n\t\t\t\t\t\t<\/div>\n\t\t\t\t<\/div>\n\t\t\t\t\t<\/div>\n\t\t<\/div>\n\t\t\t\t<div class=\"elementor-column elementor-col-33 elementor-inner-column elementor-element elementor-element-8d33589\" data-id=\"8d33589\" data-element_type=\"column\" data-e-type=\"column\">\n\t\t\t<div class=\"elementor-widget-wrap elementor-element-populated\">\n\t\t\t\t\t\t<div class=\"elementor-element elementor-element-a7aac24 elementor-cta--skin-cover elementor-cta--valign-middle elementor-bg-transform elementor-bg-transform-zoom-in elementor-widget elementor-widget-call-to-action\" data-id=\"a7aac24\" data-element_type=\"widget\" data-e-type=\"widget\" data-widget_type=\"call-to-action.default\">\n\t\t\t\t<div class=\"elementor-widget-container\">\n\t\t\t\t\t\t\t<div class=\"elementor-cta\">\n\t\t\t\t\t<div class=\"elementor-cta__bg-wrapper\">\n\t\t\t\t<div class=\"elementor-cta__bg elementor-bg\" style=\"background-image: url(https:\/\/setles.si\/wp-content\/uploads\/2024\/11\/portoroz12-1.jpg);\" role=\"img\" aria-label=\"portoroz12\"><\/div>\n\t\t\t\t<div class=\"elementor-cta__bg-overlay\"><\/div>\n\t\t\t<\/div>\n\t\t\t\t\t\t\t<div class=\"elementor-cta__content\">\n\t\t\t\t\n\t\t\t\t\t\t\t\t\t<h4 class=\"elementor-cta__title elementor-cta__content-item elementor-content-item\">\n\t\t\t\t\t\tWohnung (Slowenien)\t\t\t\t\t<\/h4>\n\t\t\t\t\n\t\t\t\t\n\t\t\t\t\t\t\t\t\t<div class=\"elementor-cta__button-wrapper elementor-cta__content-item elementor-content-item\">\n\t\t\t\t\t<a class=\"elementor-cta__button elementor-button elementor-size-\" href=\"https:\/\/setles.si\/de\/wohnung-in-piran-slowenien\/\">\n\t\t\t\t\t\tMehr lesen\t\t\t\t\t<\/a>\n\t\t\t\t\t<\/div>\n\t\t\t\t\t\t\t<\/div>\n\t\t\t\t\t\t<\/div>\n\t\t\t\t\t\t<\/div>\n\t\t\t\t<\/div>\n\t\t\t\t\t<\/div>\n\t\t<\/div>\n\t\t\t\t<div class=\"elementor-column elementor-col-33 elementor-inner-column elementor-element elementor-element-fdeb5ee\" data-id=\"fdeb5ee\" data-element_type=\"column\" data-e-type=\"column\">\n\t\t\t<div class=\"elementor-widget-wrap elementor-element-populated\">\n\t\t\t\t\t\t<div class=\"elementor-element elementor-element-3d6db3c elementor-cta--skin-cover elementor-cta--valign-middle elementor-bg-transform elementor-bg-transform-zoom-in elementor-widget elementor-widget-call-to-action\" data-id=\"3d6db3c\" data-element_type=\"widget\" data-e-type=\"widget\" data-widget_type=\"call-to-action.default\">\n\t\t\t\t<div class=\"elementor-widget-container\">\n\t\t\t\t\t\t\t<div class=\"elementor-cta\">\n\t\t\t\t\t<div class=\"elementor-cta__bg-wrapper\">\n\t\t\t\t<div class=\"elementor-cta__bg elementor-bg\" style=\"background-image: url(https:\/\/setles.si\/wp-content\/uploads\/2024\/11\/winecellular-e1734518179274.jpg);\" role=\"img\" aria-label=\"winecellular\"><\/div>\n\t\t\t\t<div class=\"elementor-cta__bg-overlay\"><\/div>\n\t\t\t<\/div>\n\t\t\t\t\t\t\t<div class=\"elementor-cta__content\">\n\t\t\t\t\n\t\t\t\t\t\t\t\t\t<h4 class=\"elementor-cta__title elementor-cta__content-item elementor-content-item\">\n\t\t\t\t\t\tWeinkeller (Slowenien)\t\t\t\t\t<\/h4>\n\t\t\t\t\n\t\t\t\t\n\t\t\t\t\t\t\t\t\t<div class=\"elementor-cta__button-wrapper elementor-cta__content-item elementor-content-item\">\n\t\t\t\t\t<a class=\"elementor-cta__button elementor-button elementor-size-\" href=\"https:\/\/setles.si\/de\/weinkeller-slowenien\/\">\n\t\t\t\t\t\tMehr lesen\t\t\t\t\t<\/a>\n\t\t\t\t\t<\/div>\n\t\t\t\t\t\t\t<\/div>\n\t\t\t\t\t\t<\/div>\n\t\t\t\t\t\t<\/div>\n\t\t\t\t<\/div>\n\t\t\t\t\t<\/div>\n\t\t<\/div>\n\t\t\t\t\t<\/div>\n\t\t<\/section>\n\t\t\t\t\t<\/div>\n\t\t<\/div>\n\t\t\t\t\t<\/div>\n\t\t<\/section>\n\t\t\t\t<\/div>","protected":false},"excerpt":{"rendered":"<p>Lovski sejem v Salzburgu (Avstrija) Preberite ve\u010d Apartma (Slovenija) Preberite ve\u010d Vinska klet (Slovenija) Preberite ve\u010d<\/p>","protected":false},"author":1,"featured_media":0,"parent":0,"menu_order":0,"comment_status":"closed","ping_status":"closed","template":"elementor_header_footer","meta":{"footnotes":""},"class_list":["post-395","page","type-page","status-publish","hentry"],"yoast_head":"<!-- This site is optimized with the Yoast SEO plugin v27.6 - https:\/\/yoast.com\/product\/yoast-seo-wordpress\/ -->\n<title>Projekti - SETLES<\/title>\n<meta name=\"robots\" content=\"index, follow, max-snippet:-1, max-image-preview:large, max-video-preview:-1\" \/>\n<link rel=\"canonical\" href=\"https:\/\/setles.si\/de\/projekte\/\" \/>\n<meta property=\"og:locale\" content=\"de_DE\" \/>\n<meta property=\"og:type\" content=\"article\" \/>\n<meta property=\"og:title\" content=\"Projekti - SETLES\" \/>\n<meta property=\"og:description\" content=\"Lovski sejem v Salzburgu (Avstrija) Preberite ve\u010d Apartma (Slovenija) Preberite ve\u010d Vinska klet (Slovenija) Preberite ve\u010d\" \/>\n<meta property=\"og:url\" content=\"https:\/\/setles.si\/de\/projekte\/\" \/>\n<meta property=\"og:site_name\" content=\"SETLES\" \/>\n<meta property=\"article:publisher\" content=\"https:\/\/www.facebook.com\/profile.php?id=100084199638007\" \/>\n<meta property=\"article:modified_time\" content=\"2024-12-18T12:37:47+00:00\" \/>\n<meta property=\"og:image\" content=\"https:\/\/setles.si\/wp-content\/uploads\/2024\/12\/Setles-43.webp\" \/>\n\t<meta property=\"og:image:width\" content=\"2000\" \/>\n\t<meta property=\"og:image:height\" content=\"1335\" \/>\n\t<meta property=\"og:image:type\" content=\"image\/webp\" \/>\n<meta name=\"twitter:card\" content=\"summary_large_image\" \/>\n<meta name=\"twitter:site\" content=\"@setles_official\" \/>\n<meta name=\"twitter:label1\" content=\"Gesch\u00e4tzte Lesezeit\" \/>\n\t<meta name=\"twitter:data1\" content=\"1\u00a0Minute\" \/>\n<script type=\"application\/ld+json\" class=\"yoast-schema-graph\">{\"@context\":\"https:\\\/\\\/schema.org\",\"@graph\":[{\"@type\":\"WebPage\",\"@id\":\"https:\\\/\\\/setles.si\\\/projekti\\\/\",\"url\":\"https:\\\/\\\/setles.si\\\/projekti\\\/\",\"name\":\"Projekti - SETLES\",\"isPartOf\":{\"@id\":\"https:\\\/\\\/setles.si\\\/#website\"},\"datePublished\":\"2024-11-01T11:40:02+00:00\",\"dateModified\":\"2024-12-18T12:37:47+00:00\",\"breadcrumb\":{\"@id\":\"https:\\\/\\\/setles.si\\\/projekti\\\/#breadcrumb\"},\"inLanguage\":\"de\",\"potentialAction\":[{\"@type\":\"ReadAction\",\"target\":[\"https:\\\/\\\/setles.si\\\/projekti\\\/\"]}]},{\"@type\":\"BreadcrumbList\",\"@id\":\"https:\\\/\\\/setles.si\\\/projekti\\\/#breadcrumb\",\"itemListElement\":[{\"@type\":\"ListItem\",\"position\":1,\"name\":\"Home\",\"item\":\"https:\\\/\\\/setles.si\\\/\"},{\"@type\":\"ListItem\",\"position\":2,\"name\":\"Projekti\"}]},{\"@type\":\"WebSite\",\"@id\":\"https:\\\/\\\/setles.si\\\/#website\",\"url\":\"https:\\\/\\\/setles.si\\\/\",\"name\":\"SETLES\",\"description\":\"Mojstri masivnega lesa\",\"publisher\":{\"@id\":\"https:\\\/\\\/setles.si\\\/#organization\"},\"potentialAction\":[{\"@type\":\"SearchAction\",\"target\":{\"@type\":\"EntryPoint\",\"urlTemplate\":\"https:\\\/\\\/setles.si\\\/?s={search_term_string}\"},\"query-input\":{\"@type\":\"PropertyValueSpecification\",\"valueRequired\":true,\"valueName\":\"search_term_string\"}}],\"inLanguage\":\"de\"},{\"@type\":\"Organization\",\"@id\":\"https:\\\/\\\/setles.si\\\/#organization\",\"name\":\"SETLES D.O.O.\",\"url\":\"https:\\\/\\\/setles.si\\\/\",\"logo\":{\"@type\":\"ImageObject\",\"inLanguage\":\"de\",\"@id\":\"https:\\\/\\\/setles.si\\\/#\\\/schema\\\/logo\\\/image\\\/\",\"url\":\"https:\\\/\\\/setles.si\\\/wp-content\\\/uploads\\\/2024\\\/11\\\/android-chrome-210x210-1.png\",\"contentUrl\":\"https:\\\/\\\/setles.si\\\/wp-content\\\/uploads\\\/2024\\\/11\\\/android-chrome-210x210-1.png\",\"width\":210,\"height\":210,\"caption\":\"SETLES D.O.O.\"},\"image\":{\"@id\":\"https:\\\/\\\/setles.si\\\/#\\\/schema\\\/logo\\\/image\\\/\"},\"sameAs\":[\"https:\\\/\\\/www.facebook.com\\\/profile.php?id=100084199638007\",\"https:\\\/\\\/x.com\\\/setles_official\",\"https:\\\/\\\/www.instagram.com\\\/setles_official\\\/\",\"https:\\\/\\\/www.linkedin.com\\\/company\\\/setles\\\/about\\\/\"]}]}<\/script>\n<!-- \/ Yoast SEO plugin. -->","yoast_head_json":{"title":"Projekti - SETLES","robots":{"index":"index","follow":"follow","max-snippet":"max-snippet:-1","max-image-preview":"max-image-preview:large","max-video-preview":"max-video-preview:-1"},"canonical":"https:\/\/setles.si\/de\/projekte\/","og_locale":"de_DE","og_type":"article","og_title":"Projekti - SETLES","og_description":"Lovski sejem v Salzburgu (Avstrija) Preberite ve\u010d Apartma (Slovenija) Preberite ve\u010d Vinska klet (Slovenija) Preberite ve\u010d","og_url":"https:\/\/setles.si\/de\/projekte\/","og_site_name":"SETLES","article_publisher":"https:\/\/www.facebook.com\/profile.php?id=100084199638007","article_modified_time":"2024-12-18T12:37:47+00:00","og_image":[{"width":2000,"height":1335,"url":"https:\/\/setles.si\/wp-content\/uploads\/2024\/12\/Setles-43.webp","type":"image\/webp"}],"twitter_card":"summary_large_image","twitter_site":"@setles_official","twitter_misc":{"Gesch\u00e4tzte Lesezeit":"1\u00a0Minute"},"schema":{"@context":"https:\/\/schema.org","@graph":[{"@type":"WebPage","@id":"https:\/\/setles.si\/projekti\/","url":"https:\/\/setles.si\/projekti\/","name":"Projekti - SETLES","isPartOf":{"@id":"https:\/\/setles.si\/#website"},"datePublished":"2024-11-01T11:40:02+00:00","dateModified":"2024-12-18T12:37:47+00:00","breadcrumb":{"@id":"https:\/\/setles.si\/projekti\/#breadcrumb"},"inLanguage":"de","potentialAction":[{"@type":"ReadAction","target":["https:\/\/setles.si\/projekti\/"]}]},{"@type":"BreadcrumbList","@id":"https:\/\/setles.si\/projekti\/#breadcrumb","itemListElement":[{"@type":"ListItem","position":1,"name":"Home","item":"https:\/\/setles.si\/"},{"@type":"ListItem","position":2,"name":"Projekti"}]},{"@type":"WebSite","@id":"https:\/\/setles.si\/#website","url":"https:\/\/setles.si\/","name":"SETLES","description":"Mojstri masivnega lesa","publisher":{"@id":"https:\/\/setles.si\/#organization"},"potentialAction":[{"@type":"SearchAction","target":{"@type":"EntryPoint","urlTemplate":"https:\/\/setles.si\/?s={search_term_string}"},"query-input":{"@type":"PropertyValueSpecification","valueRequired":true,"valueName":"search_term_string"}}],"inLanguage":"de"},{"@type":"Organization","@id":"https:\/\/setles.si\/#organization","name":"SETLES D.O.O.","url":"https:\/\/setles.si\/","logo":{"@type":"ImageObject","inLanguage":"de","@id":"https:\/\/setles.si\/#\/schema\/logo\/image\/","url":"https:\/\/setles.si\/wp-content\/uploads\/2024\/11\/android-chrome-210x210-1.png","contentUrl":"https:\/\/setles.si\/wp-content\/uploads\/2024\/11\/android-chrome-210x210-1.png","width":210,"height":210,"caption":"SETLES D.O.O."},"image":{"@id":"https:\/\/setles.si\/#\/schema\/logo\/image\/"},"sameAs":["https:\/\/www.facebook.com\/profile.php?id=100084199638007","https:\/\/x.com\/setles_official","https:\/\/www.instagram.com\/setles_official\/","https:\/\/www.linkedin.com\/company\/setles\/about\/"]}]}},"jetpack_sharing_enabled":true,"_links":{"self":[{"href":"https:\/\/setles.si\/de\/wp-json\/wp\/v2\/pages\/395","targetHints":{"allow":["GET"]}}],"collection":[{"href":"https:\/\/setles.si\/de\/wp-json\/wp\/v2\/pages"}],"about":[{"href":"https:\/\/setles.si\/de\/wp-json\/wp\/v2\/types\/page"}],"author":[{"embeddable":true,"href":"https:\/\/setles.si\/de\/wp-json\/wp\/v2\/users\/1"}],"replies":[{"embeddable":true,"href":"https:\/\/setles.si\/de\/wp-json\/wp\/v2\/comments?post=395"}],"version-history":[{"count":9,"href":"https:\/\/setles.si\/de\/wp-json\/wp\/v2\/pages\/395\/revisions"}],"predecessor-version":[{"id":1435,"href":"https:\/\/setles.si\/de\/wp-json\/wp\/v2\/pages\/395\/revisions\/1435"}],"wp:attachment":[{"href":"https:\/\/setles.si\/de\/wp-json\/wp\/v2\/media?parent=395"}],"curies":[{"name":"wp","href":"https:\/\/api.w.org\/{rel}","templated":true}]}}