{"id":1042,"date":"2024-11-11T23:35:45","date_gmt":"2024-11-11T23:35:45","guid":{"rendered":"https:\/\/setles.si\/?page_id=1042"},"modified":"2024-11-21T18:21:35","modified_gmt":"2024-11-21T18:21:35","slug":"datenschutzrichtlinie","status":"publish","type":"page","link":"https:\/\/setles.si\/de\/datenschutzrichtlinie\/","title":{"rendered":"Politika zasebnosti"},"content":{"rendered":"<div data-elementor-type=\"wp-page\" data-elementor-id=\"1042\" class=\"elementor elementor-1042\" data-elementor-post-type=\"page\">\n\t\t\t\t\t\t<section class=\"elementor-section elementor-top-section elementor-element elementor-element-2876d6d9 elementor-section-boxed elementor-section-height-default elementor-section-height-default\" data-id=\"2876d6d9\" data-element_type=\"section\" data-e-type=\"section\" data-settings=\"{&quot;background_background&quot;:&quot;classic&quot;}\">\n\t\t\t\t\t\t\t<div class=\"elementor-background-overlay\"><\/div>\n\t\t\t\t\t\t\t<div class=\"elementor-container elementor-column-gap-default\">\n\t\t\t\t\t<div class=\"elementor-column elementor-col-100 elementor-top-column elementor-element elementor-element-4d00100\" data-id=\"4d00100\" data-element_type=\"column\" data-e-type=\"column\">\n\t\t\t<div class=\"elementor-widget-wrap elementor-element-populated\">\n\t\t\t\t\t\t<section class=\"elementor-section elementor-inner-section elementor-element elementor-element-39fedb1d elementor-section-boxed elementor-section-height-default elementor-section-height-default\" data-id=\"39fedb1d\" data-element_type=\"section\" data-e-type=\"section\">\n\t\t\t\t\t\t<div class=\"elementor-container elementor-column-gap-default\">\n\t\t\t\t\t<div class=\"elementor-column elementor-col-100 elementor-inner-column elementor-element elementor-element-1eaabb69\" data-id=\"1eaabb69\" data-element_type=\"column\" data-e-type=\"column\">\n\t\t\t<div class=\"elementor-widget-wrap elementor-element-populated\">\n\t\t\t\t\t\t<div class=\"elementor-element elementor-element-63e5ea0b elementor-invisible elementor-widget elementor-widget-heading\" data-id=\"63e5ea0b\" data-element_type=\"widget\" data-e-type=\"widget\" data-settings=\"{&quot;_animation&quot;:&quot;fadeInUp&quot;}\" data-widget_type=\"heading.default\">\n\t\t\t\t<div class=\"elementor-widget-container\">\n\t\t\t\t\t<h1 class=\"elementor-heading-title elementor-size-default\">Politika zasebnosti<\/h1>\t\t\t\t<\/div>\n\t\t\t\t<\/div>\n\t\t\t\t\t<\/div>\n\t\t<\/div>\n\t\t\t\t\t<\/div>\n\t\t<\/section>\n\t\t\t\t\t<\/div>\n\t\t<\/div>\n\t\t\t\t\t<\/div>\n\t\t<\/section>\n\t\t\t\t<section class=\"elementor-section elementor-top-section elementor-element elementor-element-4d1ede47 elementor-section-content-middle elementor-section-boxed elementor-section-height-default elementor-section-height-default\" data-id=\"4d1ede47\" data-element_type=\"section\" data-e-type=\"section\">\n\t\t\t\t\t\t<div class=\"elementor-container elementor-column-gap-default\">\n\t\t\t\t\t<div class=\"elementor-column elementor-col-100 elementor-top-column elementor-element elementor-element-77b06940 elementor-invisible\" data-id=\"77b06940\" data-element_type=\"column\" data-e-type=\"column\" data-settings=\"{&quot;animation&quot;:&quot;fadeInLeft&quot;}\">\n\t\t\t<div class=\"elementor-widget-wrap elementor-element-populated\">\n\t\t\t\t\t\t<div class=\"elementor-element elementor-element-a57186f elementor-widget elementor-widget-text-editor\" data-id=\"a57186f\" data-element_type=\"widget\" data-e-type=\"widget\" data-widget_type=\"text-editor.default\">\n\t\t\t\t<div class=\"elementor-widget-container\">\n\t\t\t\t\t\t\t\t\t<h2>Datenschutzbestimmungen<\/h2><h2>\u00a0<\/h2><h2>\u00a0<\/h2><h3><strong>1.<\/strong> <strong>Welche personenbezogenen Daten sammeln wir?<\/strong><\/h3><p>Wenn Sie unsere Website besuchen oder mit ihr interagieren, k\u00f6nnen wir die folgenden Arten von personenbezogenen Daten erfassen:<\/p><ul><li class=\"translation-block\"><strong>Grundlegende Informationen zur Identifizierung:<\/strong> wie Ihr Name und Ihre E-Mail-Adresse, die Sie angeben k\u00f6nnen, wenn Sie uns \u00fcber die Formulare auf unserer Website kontaktieren.<\/li><li class=\"translation-block\"><strong>Nutzungsdaten:<\/strong> einschlie\u00dflich der IP-Adresse, des Browsertyps und des Nutzungsverhaltens auf der Website, die automatisch erhoben werden, um das Nutzererlebnis zu verbessern und f\u00fcr analytische Zwecke.<\/li><li class=\"translation-block\"><strong>Cookies:<\/strong> kleine Datendateien, die auf Ihrem Ger\u00e4t gespeichert werden und dazu beitragen, Ihre Erfahrung auf der Website zu personalisieren und zu verbessern. Weitere Informationen finden Sie in unserer <a href=\"\/\/setles.si\/de\/cookie-richtlinie\/\u201c\/\" target=\"\u201e_self\u201c\"><strong>Cookie Policy<\/strong><\/a>.<\/li><\/ul><p><strong>2.<\/strong> <strong>Wie verwenden wir Ihre personenbezogenen Daten?<\/strong><\/p><p>Ihre Daten werden ausschlie\u00dflich zu folgenden Zwecken erhoben und verarbeitet:<\/p><ul><li>die Beantwortung Ihrer Anfragen und Antr\u00e4ge, die Sie \u00fcber unsere Website gestellt haben.<\/li><li>Verbesserung der Nutzererfahrung auf unserer Website.<\/li><li>Einhaltung der rechtlichen und regulatorischen Anforderungen.<\/li><\/ul><p>Ohne Ihre Zustimmung werden wir Ihre Daten nicht f\u00fcr andere als die oben genannten Zwecke verwenden.<\/p><p><strong>3.<\/strong> <strong>Speicherung von Daten<\/strong><\/p><p>Wir bewahren personenbezogene Daten nur so lange auf, wie es zur Erf\u00fcllung des Zwecks, f\u00fcr den sie erhoben wurden, erforderlich ist oder wie es gesetzlich vorgeschrieben ist. So werden z. B. Kontaktangaben, die f\u00fcr den Kundendienst zur Verf\u00fcgung gestellt werden, so lange aufbewahrt, bis die Anfrage gel\u00f6st ist. Nutzungsdaten k\u00f6nnen f\u00fcr statistische und analytische Zwecke gespeichert werden, enthalten aber nach der Verarbeitung keine personenbezogenen Daten.<\/p><p><strong>4.<\/strong> <strong>Gemeinsame Nutzung und Offenlegung von Daten<\/strong><\/p><p>Setles d.o.o. verkauft oder vermietet Ihre pers\u00f6nlichen Daten nicht und gibt sie auch nicht an Dritte weiter, au\u00dfer f\u00fcr<\/p><ul><li class=\"translation-block\"><strong>mit Dienstleistern:<\/strong>, die uns bei der Wartung und Unterst\u00fctzung der Website helfen, sofern sie strenge Vertraulichkeits- und Sicherheitsverpflichtungen einhalten.<\/li><li class=\"translation-block\"><strong>Wo rechtlich erforderlich<\/strong>: um gerichtlichen Anordnungen, Gesetzen oder anderen rechtlichen Verfahren nachzukommen.<\/li><\/ul><p><strong>5.<\/strong> <strong>Sicherheit Ihrer pers\u00f6nlichen Daten<\/strong><\/p><p>Wir treffen geeignete technische und organisatorische Ma\u00dfnahmen, um Ihre personenbezogenen Daten vor unbefugtem Zugriff, Missbrauch oder Verlust zu sch\u00fctzen. Unsere Datenschutzpraktiken werden regelm\u00e4\u00dfig \u00fcberpr\u00fcft und aktualisiert, um sie an die Branchenstandards anzupassen.<\/p><p><strong>6.<\/strong> <strong>Ihre Rechte in Bezug auf Ihre Daten<\/strong><\/p><p>Sie haben die folgenden Rechte in Bezug auf Ihre personenbezogenen Daten:<\/p><ul><li class=\"translation-block\"><strong>Auskunftsrecht:<\/strong> Sie k\u00f6nnen Auskunft \u00fcber die personenbezogenen Daten verlangen, die wir \u00fcber Sie gespeichert haben.<\/li><li class=\"translation-block\"><strong>Recht auf Berichtigung:<\/strong> Sie k\u00f6nnen die Berichtigung von unrichtigen oder unvollst\u00e4ndigen personenbezogenen Daten verlangen.<\/li><li class=\"translation-block\"><strong>Recht auf L\u00f6schung:<\/strong> Recht auf L\u00f6schung personenbezogener Daten: Sie haben das Recht, die L\u00f6schung Ihrer personenbezogenen Daten zu verlangen, wenn sie f\u00fcr die Zwecke, f\u00fcr die sie erhoben wurden, nicht mehr erforderlich sind.<\/li><li class=\"translation-block\"><strong>Widerspruchsrecht und Einschr\u00e4nkung der Verarbeitung:<\/strong> Unter bestimmten Umst\u00e4nden k\u00f6nnen Sie eine Einschr\u00e4nkung oder einen Widerspruch gegen die Verarbeitung Ihrer personenbezogenen Daten beantragen.<\/li><li><strong>Recht auf Daten\u00fcbertragbarkeit:<\/strong> Sie k\u00f6nnen eine Kopie Ihrer Daten in einem strukturierten, maschinenlesbaren Format anfordern.<\/li><\/ul><p>Wenn Sie diese Rechte aus\u00fcben m\u00f6chten, wenden Sie sich bitte an die in Abschnitt 10 angegebene E-Mail-Adresse.<\/p><p><strong>7.<\/strong> <strong>Cookies und \u00e4hnliche Technologien<\/strong><\/p><p>Unsere Website verwendet Cookies, um die Nutzererfahrung zu verbessern und um zu verstehen, wie die Website genutzt wird. Durch die weitere Nutzung unserer Website erkl\u00e4ren Sie sich mit unseren Cookie-Praktiken einverstanden, wie sie in unserer <a href=\"https:\/\/setles.si\/de\/cookie-richtlinie\/\"><strong>Cookie-Richtlinie<\/strong><\/a>.<\/p><p><strong>8.<\/strong> <strong>Internationale Daten\u00fcbermittlung<\/strong><\/p><p>Wir verarbeiten und speichern Daten haupts\u00e4chlich innerhalb der Europ\u00e4ischen Union. Wenn wir Daten au\u00dferhalb der EU \u00fcbermitteln, stellen wir sicher, dass angemessene Sicherheitsvorkehrungen in \u00dcbereinstimmung mit den Datenschutzbestimmungen getroffen werden.<\/p><p><strong>9.<\/strong> <strong>Aktualisierungen der Verordnungen<\/strong><\/p><p>Setles d.o.o. beh\u00e4lt sich das Recht vor, diese Datenschutzrichtlinie jederzeit zu aktualisieren. \u00c4nderungen werden auf dieser Seite ver\u00f6ffentlicht und wir k\u00f6nnen Sie bei Bedarf per E-Mail \u00fcber wesentliche \u00c4nderungen informieren. Wir empfehlen Ihnen, diese Richtlinie regelm\u00e4\u00dfig zu \u00fcberpr\u00fcfen.<\/p><p><strong>10.<\/strong> <strong>Kontakt<\/strong><\/p><p>Wenn Sie Fragen, W\u00fcnsche oder Bedenken bez\u00fcglich dieser Datenschutzrichtlinie oder Ihrer pers\u00f6nlichen Daten haben, wenden Sie sich bitte an uns<\/p><p><strong>E-Mail Adresse<\/strong>: info@setles.si<\/p><p><strong>Datum des Inkrafttretens:<\/strong> 12.11.2024<\/p>\t\t\t\t\t\t\t\t<\/div>\n\t\t\t\t<\/div>\n\t\t\t\t\t<\/div>\n\t\t<\/div>\n\t\t\t\t\t<\/div>\n\t\t<\/section>\n\t\t\t\t<\/div>","protected":false},"excerpt":{"rendered":"<p>Pravilnik o zasebnosti \u00a0 \u00a0 1. Katere osebne podatke zbiramo? Ko obi\u0161\u010dete na\u0161e spletno mesto ali sodelujete z njim, lahko zbiramo naslednje vrste osebnih podatkov: Osnovni identifikacijski podatki: kot sta va\u0161e ime in e-po\u0161tni naslov, ki ju lahko navedete, ko nas kontaktirate prek obrazcev na na\u0161em spletnem mestu. Podatki o uporabi: vklju\u010dno z naslovom IP, [&hellip;]<\/p>\n","protected":false},"author":1,"featured_media":0,"parent":0,"menu_order":0,"comment_status":"closed","ping_status":"closed","template":"elementor_header_footer","meta":{"footnotes":""},"class_list":["post-1042","page","type-page","status-publish","hentry"],"yoast_head":"<!-- This site is optimized with the Yoast SEO plugin v27.6 - https:\/\/yoast.com\/product\/yoast-seo-wordpress\/ -->\n<title>Politika zasebnosti - SETLES<\/title>\n<meta name=\"robots\" content=\"index, follow, max-snippet:-1, max-image-preview:large, max-video-preview:-1\" \/>\n<link rel=\"canonical\" href=\"https:\/\/setles.si\/de\/datenschutzrichtlinie\/\" \/>\n<meta property=\"og:locale\" content=\"de_DE\" \/>\n<meta property=\"og:type\" content=\"article\" \/>\n<meta property=\"og:title\" content=\"Politika zasebnosti - SETLES\" \/>\n<meta property=\"og:description\" content=\"Pravilnik o zasebnosti \u00a0 \u00a0 1. Katere osebne podatke zbiramo? Ko obi\u0161\u010dete na\u0161e spletno mesto ali sodelujete z njim, lahko zbiramo naslednje vrste osebnih podatkov: Osnovni identifikacijski podatki: kot sta va\u0161e ime in e-po\u0161tni naslov, ki ju lahko navedete, ko nas kontaktirate prek obrazcev na na\u0161em spletnem mestu. Podatki o uporabi: vklju\u010dno z naslovom IP, [&hellip;]\" \/>\n<meta property=\"og:url\" content=\"https:\/\/setles.si\/de\/datenschutzrichtlinie\/\" \/>\n<meta property=\"og:site_name\" content=\"SETLES\" \/>\n<meta property=\"article:publisher\" content=\"https:\/\/www.facebook.com\/profile.php?id=100084199638007\" \/>\n<meta property=\"article:modified_time\" content=\"2024-11-21T18:21:35+00:00\" \/>\n<meta property=\"og:image\" content=\"https:\/\/setles.si\/wp-content\/uploads\/2024\/12\/Setles-43.webp\" \/>\n\t<meta property=\"og:image:width\" content=\"2000\" \/>\n\t<meta property=\"og:image:height\" content=\"1335\" \/>\n\t<meta property=\"og:image:type\" content=\"image\/webp\" \/>\n<meta name=\"twitter:card\" content=\"summary_large_image\" \/>\n<meta name=\"twitter:site\" content=\"@setles_official\" \/>\n<meta name=\"twitter:label1\" content=\"Gesch\u00e4tzte Lesezeit\" \/>\n\t<meta name=\"twitter:data1\" content=\"3\u00a0Minuten\" \/>\n<script type=\"application\/ld+json\" class=\"yoast-schema-graph\">{\"@context\":\"https:\\\/\\\/schema.org\",\"@graph\":[{\"@type\":\"WebPage\",\"@id\":\"https:\\\/\\\/setles.si\\\/privacy-policy\\\/\",\"url\":\"https:\\\/\\\/setles.si\\\/privacy-policy\\\/\",\"name\":\"Politika zasebnosti - SETLES\",\"isPartOf\":{\"@id\":\"https:\\\/\\\/setles.si\\\/#website\"},\"datePublished\":\"2024-11-11T23:35:45+00:00\",\"dateModified\":\"2024-11-21T18:21:35+00:00\",\"breadcrumb\":{\"@id\":\"https:\\\/\\\/setles.si\\\/privacy-policy\\\/#breadcrumb\"},\"inLanguage\":\"de\",\"potentialAction\":[{\"@type\":\"ReadAction\",\"target\":[\"https:\\\/\\\/setles.si\\\/privacy-policy\\\/\"]}]},{\"@type\":\"BreadcrumbList\",\"@id\":\"https:\\\/\\\/setles.si\\\/privacy-policy\\\/#breadcrumb\",\"itemListElement\":[{\"@type\":\"ListItem\",\"position\":1,\"name\":\"Home\",\"item\":\"https:\\\/\\\/setles.si\\\/\"},{\"@type\":\"ListItem\",\"position\":2,\"name\":\"Politika zasebnosti\"}]},{\"@type\":\"WebSite\",\"@id\":\"https:\\\/\\\/setles.si\\\/#website\",\"url\":\"https:\\\/\\\/setles.si\\\/\",\"name\":\"SETLES\",\"description\":\"Mojstri masivnega lesa\",\"publisher\":{\"@id\":\"https:\\\/\\\/setles.si\\\/#organization\"},\"potentialAction\":[{\"@type\":\"SearchAction\",\"target\":{\"@type\":\"EntryPoint\",\"urlTemplate\":\"https:\\\/\\\/setles.si\\\/?s={search_term_string}\"},\"query-input\":{\"@type\":\"PropertyValueSpecification\",\"valueRequired\":true,\"valueName\":\"search_term_string\"}}],\"inLanguage\":\"de\"},{\"@type\":\"Organization\",\"@id\":\"https:\\\/\\\/setles.si\\\/#organization\",\"name\":\"SETLES D.O.O.\",\"url\":\"https:\\\/\\\/setles.si\\\/\",\"logo\":{\"@type\":\"ImageObject\",\"inLanguage\":\"de\",\"@id\":\"https:\\\/\\\/setles.si\\\/#\\\/schema\\\/logo\\\/image\\\/\",\"url\":\"https:\\\/\\\/setles.si\\\/wp-content\\\/uploads\\\/2024\\\/11\\\/android-chrome-210x210-1.png\",\"contentUrl\":\"https:\\\/\\\/setles.si\\\/wp-content\\\/uploads\\\/2024\\\/11\\\/android-chrome-210x210-1.png\",\"width\":210,\"height\":210,\"caption\":\"SETLES D.O.O.\"},\"image\":{\"@id\":\"https:\\\/\\\/setles.si\\\/#\\\/schema\\\/logo\\\/image\\\/\"},\"sameAs\":[\"https:\\\/\\\/www.facebook.com\\\/profile.php?id=100084199638007\",\"https:\\\/\\\/x.com\\\/setles_official\",\"https:\\\/\\\/www.instagram.com\\\/setles_official\\\/\",\"https:\\\/\\\/www.linkedin.com\\\/company\\\/setles\\\/about\\\/\"]}]}<\/script>\n<!-- \/ Yoast SEO plugin. -->","yoast_head_json":{"title":"Politika zasebnosti - SETLES","robots":{"index":"index","follow":"follow","max-snippet":"max-snippet:-1","max-image-preview":"max-image-preview:large","max-video-preview":"max-video-preview:-1"},"canonical":"https:\/\/setles.si\/de\/datenschutzrichtlinie\/","og_locale":"de_DE","og_type":"article","og_title":"Politika zasebnosti - SETLES","og_description":"Pravilnik o zasebnosti \u00a0 \u00a0 1. Katere osebne podatke zbiramo? Ko obi\u0161\u010dete na\u0161e spletno mesto ali sodelujete z njim, lahko zbiramo naslednje vrste osebnih podatkov: Osnovni identifikacijski podatki: kot sta va\u0161e ime in e-po\u0161tni naslov, ki ju lahko navedete, ko nas kontaktirate prek obrazcev na na\u0161em spletnem mestu. Podatki o uporabi: vklju\u010dno z naslovom IP, [&hellip;]","og_url":"https:\/\/setles.si\/de\/datenschutzrichtlinie\/","og_site_name":"SETLES","article_publisher":"https:\/\/www.facebook.com\/profile.php?id=100084199638007","article_modified_time":"2024-11-21T18:21:35+00:00","og_image":[{"width":2000,"height":1335,"url":"https:\/\/setles.si\/wp-content\/uploads\/2024\/12\/Setles-43.webp","type":"image\/webp"}],"twitter_card":"summary_large_image","twitter_site":"@setles_official","twitter_misc":{"Gesch\u00e4tzte Lesezeit":"3\u00a0Minuten"},"schema":{"@context":"https:\/\/schema.org","@graph":[{"@type":"WebPage","@id":"https:\/\/setles.si\/privacy-policy\/","url":"https:\/\/setles.si\/privacy-policy\/","name":"Politika zasebnosti - SETLES","isPartOf":{"@id":"https:\/\/setles.si\/#website"},"datePublished":"2024-11-11T23:35:45+00:00","dateModified":"2024-11-21T18:21:35+00:00","breadcrumb":{"@id":"https:\/\/setles.si\/privacy-policy\/#breadcrumb"},"inLanguage":"de","potentialAction":[{"@type":"ReadAction","target":["https:\/\/setles.si\/privacy-policy\/"]}]},{"@type":"BreadcrumbList","@id":"https:\/\/setles.si\/privacy-policy\/#breadcrumb","itemListElement":[{"@type":"ListItem","position":1,"name":"Home","item":"https:\/\/setles.si\/"},{"@type":"ListItem","position":2,"name":"Politika zasebnosti"}]},{"@type":"WebSite","@id":"https:\/\/setles.si\/#website","url":"https:\/\/setles.si\/","name":"SETLES","description":"Mojstri masivnega lesa","publisher":{"@id":"https:\/\/setles.si\/#organization"},"potentialAction":[{"@type":"SearchAction","target":{"@type":"EntryPoint","urlTemplate":"https:\/\/setles.si\/?s={search_term_string}"},"query-input":{"@type":"PropertyValueSpecification","valueRequired":true,"valueName":"search_term_string"}}],"inLanguage":"de"},{"@type":"Organization","@id":"https:\/\/setles.si\/#organization","name":"SETLES D.O.O.","url":"https:\/\/setles.si\/","logo":{"@type":"ImageObject","inLanguage":"de","@id":"https:\/\/setles.si\/#\/schema\/logo\/image\/","url":"https:\/\/setles.si\/wp-content\/uploads\/2024\/11\/android-chrome-210x210-1.png","contentUrl":"https:\/\/setles.si\/wp-content\/uploads\/2024\/11\/android-chrome-210x210-1.png","width":210,"height":210,"caption":"SETLES D.O.O."},"image":{"@id":"https:\/\/setles.si\/#\/schema\/logo\/image\/"},"sameAs":["https:\/\/www.facebook.com\/profile.php?id=100084199638007","https:\/\/x.com\/setles_official","https:\/\/www.instagram.com\/setles_official\/","https:\/\/www.linkedin.com\/company\/setles\/about\/"]}]}},"jetpack_sharing_enabled":true,"_links":{"self":[{"href":"https:\/\/setles.si\/de\/wp-json\/wp\/v2\/pages\/1042","targetHints":{"allow":["GET"]}}],"collection":[{"href":"https:\/\/setles.si\/de\/wp-json\/wp\/v2\/pages"}],"about":[{"href":"https:\/\/setles.si\/de\/wp-json\/wp\/v2\/types\/page"}],"author":[{"embeddable":true,"href":"https:\/\/setles.si\/de\/wp-json\/wp\/v2\/users\/1"}],"replies":[{"embeddable":true,"href":"https:\/\/setles.si\/de\/wp-json\/wp\/v2\/comments?post=1042"}],"version-history":[{"count":0,"href":"https:\/\/setles.si\/de\/wp-json\/wp\/v2\/pages\/1042\/revisions"}],"wp:attachment":[{"href":"https:\/\/setles.si\/de\/wp-json\/wp\/v2\/media?parent=1042"}],"curies":[{"name":"wp","href":"https:\/\/api.w.org\/{rel}","templated":true}]}}