{"id":1036,"date":"2024-11-11T23:32:31","date_gmt":"2024-11-11T23:32:31","guid":{"rendered":"https:\/\/setles.si\/?page_id=1036"},"modified":"2024-11-21T18:03:15","modified_gmt":"2024-11-21T18:03:15","slug":"cookie-richtlinie","status":"publish","type":"page","link":"https:\/\/setles.si\/de\/cookie-richtlinie\/","title":{"rendered":"Cookie-Richtlinie"},"content":{"rendered":"<div data-elementor-type=\"wp-page\" data-elementor-id=\"1036\" class=\"elementor elementor-1036\" data-elementor-post-type=\"page\">\n\t\t\t\t\t\t<section class=\"elementor-section elementor-top-section elementor-element elementor-element-2876d6d9 elementor-section-boxed elementor-section-height-default elementor-section-height-default\" data-id=\"2876d6d9\" data-element_type=\"section\" data-e-type=\"section\" data-settings=\"{&quot;background_background&quot;:&quot;classic&quot;}\">\n\t\t\t\t\t\t\t<div class=\"elementor-background-overlay\"><\/div>\n\t\t\t\t\t\t\t<div class=\"elementor-container elementor-column-gap-default\">\n\t\t\t\t\t<div class=\"elementor-column elementor-col-100 elementor-top-column elementor-element elementor-element-4d00100\" data-id=\"4d00100\" data-element_type=\"column\" data-e-type=\"column\">\n\t\t\t<div class=\"elementor-widget-wrap elementor-element-populated\">\n\t\t\t\t\t\t<section class=\"elementor-section elementor-inner-section elementor-element elementor-element-39fedb1d elementor-section-boxed elementor-section-height-default elementor-section-height-default\" data-id=\"39fedb1d\" data-element_type=\"section\" data-e-type=\"section\">\n\t\t\t\t\t\t<div class=\"elementor-container elementor-column-gap-default\">\n\t\t\t\t\t<div class=\"elementor-column elementor-col-100 elementor-inner-column elementor-element elementor-element-1eaabb69\" data-id=\"1eaabb69\" data-element_type=\"column\" data-e-type=\"column\">\n\t\t\t<div class=\"elementor-widget-wrap elementor-element-populated\">\n\t\t\t\t\t\t<div class=\"elementor-element elementor-element-63e5ea0b elementor-invisible elementor-widget elementor-widget-heading\" data-id=\"63e5ea0b\" data-element_type=\"widget\" data-e-type=\"widget\" data-settings=\"{&quot;_animation&quot;:&quot;fadeInUp&quot;}\" data-widget_type=\"heading.default\">\n\t\t\t\t<div class=\"elementor-widget-container\">\n\t\t\t\t\t<h1 class=\"elementor-heading-title elementor-size-default\">Cookie-Richtlinie<\/h1>\t\t\t\t<\/div>\n\t\t\t\t<\/div>\n\t\t\t\t\t<\/div>\n\t\t<\/div>\n\t\t\t\t\t<\/div>\n\t\t<\/section>\n\t\t\t\t\t<\/div>\n\t\t<\/div>\n\t\t\t\t\t<\/div>\n\t\t<\/section>\n\t\t\t\t<section class=\"elementor-section elementor-top-section elementor-element elementor-element-4d1ede47 elementor-section-content-middle elementor-section-boxed elementor-section-height-default elementor-section-height-default\" data-id=\"4d1ede47\" data-element_type=\"section\" data-e-type=\"section\">\n\t\t\t\t\t\t<div class=\"elementor-container elementor-column-gap-default\">\n\t\t\t\t\t<div class=\"elementor-column elementor-col-100 elementor-top-column elementor-element elementor-element-77b06940 elementor-invisible\" data-id=\"77b06940\" data-element_type=\"column\" data-e-type=\"column\" data-settings=\"{&quot;animation&quot;:&quot;fadeInLeft&quot;}\">\n\t\t\t<div class=\"elementor-widget-wrap elementor-element-populated\">\n\t\t\t\t\t\t<div class=\"elementor-element elementor-element-a57186f elementor-widget elementor-widget-text-editor\" data-id=\"a57186f\" data-element_type=\"widget\" data-e-type=\"widget\" data-widget_type=\"text-editor.default\">\n\t\t\t\t<div class=\"elementor-widget-container\">\n\t\t\t\t\t\t\t\t\t<h2>Cookie-Richtlinie<\/h2><h3>1. was sind Cookies?<\/h3><p>Cookies sind kleine Textdateien, die auf Ihrem Ger\u00e4t gespeichert werden, wenn Sie eine Website besuchen. Sie helfen uns, Ihr Ger\u00e4t zu erkennen, Ihre Pr\u00e4ferenzen zu speichern und Ihr Erlebnis zu personalisieren. Cookies k\u00f6nnen \u201edauerhaft\u201c (gespeichert bis zum L\u00f6schen) oder \u201esitzungsbezogen\u201c (gel\u00f6scht, wenn Sie Ihren Browser schlie\u00dfen) sein.<\/p><h3>2. welche Arten von Cookies wir verwenden<\/h3><p>Unsere Website verwendet die folgenden Arten von Cookies:<\/p><ul><li class=\"translation-block\"><strong>Grundlegende Cookies:<\/strong> Notwendig f\u00fcr den Betrieb der Website, um Ihnen das Navigieren und die Nutzung ihrer Funktionen zu erm\u00f6glichen. Ohne sie k\u00f6nnten einige Funktionen der Website nicht richtig funktionieren.<\/li><li class=\"translation-block\"><strong>Leistungs- und Analyse-Cookies:<\/strong> Leistungs- und Analyse-Cookies:<\/strong> Sie sammeln Informationen dar\u00fcber, wie Sie unsere Website nutzen, beispielsweise welche Seiten Sie am h\u00e4ufigsten besuchen. Diese Informationen werden aggregiert und zur Verbesserung der Leistung und Funktionalit\u00e4t der Website verwendet.<\/li><li class=\"translation-block\"><strong>Funktions-Cookies:<\/strong> Erlauben es der Website, sich an Ihre Pr\u00e4ferenzen zu erinnern, wie z.B. Spracheinstellungen, um Ihnen eine individuellere Erfahrung zu bieten.<\/li><li class=\"translation-block\"><strong>Targeting- und Werbe-Cookies:<\/strong> Sie verfolgen Ihre Surfgewohnheiten und helfen, relevante Werbung zu schalten. Wir verwenden diese Cookies, um personalisiertere Werbung anzubieten und die H\u00e4ufigkeit zu begrenzen, mit der Sie dieselbe Werbung sehen.<\/li><\/ul><h3>3) Cookies von Dritten<\/h3><p>Wir k\u00f6nnen Drittanbietern gestatten, zu Analyse- und Werbezwecken Cookies auf Ihrem Ger\u00e4t zu platzieren. Zu diesen Anbietern geh\u00f6ren Google Analytics und andere vertrauensw\u00fcrdige Partner, die uns dabei helfen, die Nutzung der Website zu verstehen und gezielte Werbung bereitzustellen. Jeder Drittanbieter h\u00e4lt sich an seine eigenen Datenschutzrichtlinien.<\/p><h3>4. wie wir Cookies verwenden<\/h3><p>Wir verwenden Cookies um:<\/p><ul><li>wiederkehrende Besucher zu erkennen und Ihre Pr\u00e4ferenzen zu speichern.<\/li><li>Sammlung von anonymen Daten \u00fcber den Website-Verkehr und das Nutzungsverhalten.<\/li><li>Verbesserung der Leistung der Website und Anpassung der Inhalte.<\/li><li>Bereitstellung relevanter Werbung auf der Grundlage Ihrer Browsing-Aktivit\u00e4ten.<\/li><\/ul><h3>5 Ihre Entscheidungen \u00fcber Cookies<\/h3><p>Sie haben das Recht, Ihre Cookie-Einstellungen zu verwalten:<\/p><ul><li class=\"translation-block\"><strong>Browser-Einstellungen:<\/strong> Bei den meisten Browsern k\u00f6nnen Sie Cookies ablehnen oder annehmen. Sie k\u00f6nnen Cookies auch von Ihrem Ger\u00e4t l\u00f6schen. Spezifische Anweisungen zur Verwaltung von Cookies finden Sie im Hilfebereich Ihres Browsers.<\/li><li class=\"translation-block\"><strong>Ausschluss von Analytics:<\/strong> Sie k\u00f6nnen Cookies von Google Analytics ausschlie\u00dfen, indem Sie das Google Analytics Opt-out Browser Add-on installieren.<\/li><li class=\"translation-block\"><strong>Verwaltung von gezielter Werbung:<\/strong> Sie k\u00f6nnen Cookies von Drittanbietern, die f\u00fcr gezielte Werbung verwendet werden, verwalten, indem Sie die von der <strong>Network Advertising Initiative<\/strong> (www.networkadvertising.org\/choices) und der <strong>Digital Advertising Alliance<\/strong> (www.aboutads.info\/choices) bereitgestellten Opt-out-Optionen nutzen.<\/li><\/ul><h3>6 \u00c4nderungen an dieser Cookie-Richtlinie<\/h3><p>Setles d.o.o. beh\u00e4lt sich das Recht vor, diese Cookie-Richtlinie zu aktualisieren. Alle \u00c4nderungen werden auf dieser Seite ver\u00f6ffentlicht, so dass wir Ihnen empfehlen, sie regelm\u00e4\u00dfig zu lesen, um \u00fcber die Verwendung von Cookies informiert zu bleiben.<\/p><h3>7. kontaktieren Sie uns<\/h3><p>Wenn Sie Fragen zu dieser Cookie-Richtlinie oder unserer Verwendung von Cookies haben, wenden Sie sich bitte an uns:<\/p><p><strong>E-Mail Adresse<\/strong>: info@setles.si<\/p>\t\t\t\t\t\t\t\t<\/div>\n\t\t\t\t<\/div>\n\t\t\t\t\t<\/div>\n\t\t<\/div>\n\t\t\t\t\t<\/div>\n\t\t<\/section>\n\t\t\t\t<\/div>","protected":false},"excerpt":{"rendered":"<p>Pravilnik o pi\u0161kotkih 1. Kaj so pi\u0161kotki? Pi\u0161kotki so majhne besedilne datoteke, ki se shranijo v va\u0161o napravo, ko obi\u0161\u010dete spletno mesto. Pomagajo nam prepoznati va\u0161o napravo, si zapomniti va\u0161e nastavitve in prilagoditi va\u0161o izku\u0161njo. Pi\u0161kotki so lahko \u201etrajni\u201c (shranjeni do izbrisa) ali \u201esejni\u201c (izbrisani, ko zaprete brskalnik). 2. Vrste pi\u0161kotkov, ki jih uporabljamo Na\u0161e [&hellip;]<\/p>\n","protected":false},"author":1,"featured_media":0,"parent":0,"menu_order":0,"comment_status":"closed","ping_status":"closed","template":"elementor_header_footer","meta":{"footnotes":""},"class_list":["post-1036","page","type-page","status-publish","hentry"],"yoast_head":"<!-- This site is optimized with the Yoast SEO plugin v27.6 - https:\/\/yoast.com\/product\/yoast-seo-wordpress\/ -->\n<title>Pravilnik o pi\u0161kotkih - SETLES<\/title>\n<meta name=\"robots\" content=\"index, follow, max-snippet:-1, max-image-preview:large, max-video-preview:-1\" \/>\n<link rel=\"canonical\" href=\"https:\/\/setles.si\/de\/cookie-richtlinie\/\" \/>\n<meta property=\"og:locale\" content=\"de_DE\" \/>\n<meta property=\"og:type\" content=\"article\" \/>\n<meta property=\"og:title\" content=\"Pravilnik o pi\u0161kotkih - SETLES\" \/>\n<meta property=\"og:description\" content=\"Pravilnik o pi\u0161kotkih 1. Kaj so pi\u0161kotki? Pi\u0161kotki so majhne besedilne datoteke, ki se shranijo v va\u0161o napravo, ko obi\u0161\u010dete spletno mesto. Pomagajo nam prepoznati va\u0161o napravo, si zapomniti va\u0161e nastavitve in prilagoditi va\u0161o izku\u0161njo. Pi\u0161kotki so lahko \u201etrajni\u201c (shranjeni do izbrisa) ali \u201esejni\u201c (izbrisani, ko zaprete brskalnik). 2. Vrste pi\u0161kotkov, ki jih uporabljamo Na\u0161e [&hellip;]\" \/>\n<meta property=\"og:url\" content=\"https:\/\/setles.si\/de\/cookie-richtlinie\/\" \/>\n<meta property=\"og:site_name\" content=\"SETLES\" \/>\n<meta property=\"article:publisher\" content=\"https:\/\/www.facebook.com\/profile.php?id=100084199638007\" \/>\n<meta property=\"article:modified_time\" content=\"2024-11-21T18:03:15+00:00\" \/>\n<meta property=\"og:image\" content=\"https:\/\/setles.si\/wp-content\/uploads\/2024\/12\/Setles-43.webp\" \/>\n\t<meta property=\"og:image:width\" content=\"2000\" \/>\n\t<meta property=\"og:image:height\" content=\"1335\" \/>\n\t<meta property=\"og:image:type\" content=\"image\/webp\" \/>\n<meta name=\"twitter:card\" content=\"summary_large_image\" \/>\n<meta name=\"twitter:site\" content=\"@setles_official\" \/>\n<meta name=\"twitter:label1\" content=\"Gesch\u00e4tzte Lesezeit\" \/>\n\t<meta name=\"twitter:data1\" content=\"2\u00a0Minuten\" \/>\n<script type=\"application\/ld+json\" class=\"yoast-schema-graph\">{\"@context\":\"https:\\\/\\\/schema.org\",\"@graph\":[{\"@type\":\"WebPage\",\"@id\":\"https:\\\/\\\/setles.si\\\/cookie-policy\\\/\",\"url\":\"https:\\\/\\\/setles.si\\\/cookie-policy\\\/\",\"name\":\"Pravilnik o pi\u0161kotkih - SETLES\",\"isPartOf\":{\"@id\":\"https:\\\/\\\/setles.si\\\/#website\"},\"datePublished\":\"2024-11-11T23:32:31+00:00\",\"dateModified\":\"2024-11-21T18:03:15+00:00\",\"breadcrumb\":{\"@id\":\"https:\\\/\\\/setles.si\\\/cookie-policy\\\/#breadcrumb\"},\"inLanguage\":\"de\",\"potentialAction\":[{\"@type\":\"ReadAction\",\"target\":[\"https:\\\/\\\/setles.si\\\/cookie-policy\\\/\"]}]},{\"@type\":\"BreadcrumbList\",\"@id\":\"https:\\\/\\\/setles.si\\\/cookie-policy\\\/#breadcrumb\",\"itemListElement\":[{\"@type\":\"ListItem\",\"position\":1,\"name\":\"Home\",\"item\":\"https:\\\/\\\/setles.si\\\/\"},{\"@type\":\"ListItem\",\"position\":2,\"name\":\"Pravilnik o pi\u0161kotkih\"}]},{\"@type\":\"WebSite\",\"@id\":\"https:\\\/\\\/setles.si\\\/#website\",\"url\":\"https:\\\/\\\/setles.si\\\/\",\"name\":\"SETLES\",\"description\":\"Mojstri masivnega lesa\",\"publisher\":{\"@id\":\"https:\\\/\\\/setles.si\\\/#organization\"},\"potentialAction\":[{\"@type\":\"SearchAction\",\"target\":{\"@type\":\"EntryPoint\",\"urlTemplate\":\"https:\\\/\\\/setles.si\\\/?s={search_term_string}\"},\"query-input\":{\"@type\":\"PropertyValueSpecification\",\"valueRequired\":true,\"valueName\":\"search_term_string\"}}],\"inLanguage\":\"de\"},{\"@type\":\"Organization\",\"@id\":\"https:\\\/\\\/setles.si\\\/#organization\",\"name\":\"SETLES D.O.O.\",\"url\":\"https:\\\/\\\/setles.si\\\/\",\"logo\":{\"@type\":\"ImageObject\",\"inLanguage\":\"de\",\"@id\":\"https:\\\/\\\/setles.si\\\/#\\\/schema\\\/logo\\\/image\\\/\",\"url\":\"https:\\\/\\\/setles.si\\\/wp-content\\\/uploads\\\/2024\\\/11\\\/android-chrome-210x210-1.png\",\"contentUrl\":\"https:\\\/\\\/setles.si\\\/wp-content\\\/uploads\\\/2024\\\/11\\\/android-chrome-210x210-1.png\",\"width\":210,\"height\":210,\"caption\":\"SETLES D.O.O.\"},\"image\":{\"@id\":\"https:\\\/\\\/setles.si\\\/#\\\/schema\\\/logo\\\/image\\\/\"},\"sameAs\":[\"https:\\\/\\\/www.facebook.com\\\/profile.php?id=100084199638007\",\"https:\\\/\\\/x.com\\\/setles_official\",\"https:\\\/\\\/www.instagram.com\\\/setles_official\\\/\",\"https:\\\/\\\/www.linkedin.com\\\/company\\\/setles\\\/about\\\/\"]}]}<\/script>\n<!-- \/ Yoast SEO plugin. -->","yoast_head_json":{"title":"Pravilnik o pi\u0161kotkih - SETLES","robots":{"index":"index","follow":"follow","max-snippet":"max-snippet:-1","max-image-preview":"max-image-preview:large","max-video-preview":"max-video-preview:-1"},"canonical":"https:\/\/setles.si\/de\/cookie-richtlinie\/","og_locale":"de_DE","og_type":"article","og_title":"Pravilnik o pi\u0161kotkih - SETLES","og_description":"Pravilnik o pi\u0161kotkih 1. Kaj so pi\u0161kotki? Pi\u0161kotki so majhne besedilne datoteke, ki se shranijo v va\u0161o napravo, ko obi\u0161\u010dete spletno mesto. Pomagajo nam prepoznati va\u0161o napravo, si zapomniti va\u0161e nastavitve in prilagoditi va\u0161o izku\u0161njo. Pi\u0161kotki so lahko \u201etrajni\u201c (shranjeni do izbrisa) ali \u201esejni\u201c (izbrisani, ko zaprete brskalnik). 2. Vrste pi\u0161kotkov, ki jih uporabljamo Na\u0161e [&hellip;]","og_url":"https:\/\/setles.si\/de\/cookie-richtlinie\/","og_site_name":"SETLES","article_publisher":"https:\/\/www.facebook.com\/profile.php?id=100084199638007","article_modified_time":"2024-11-21T18:03:15+00:00","og_image":[{"width":2000,"height":1335,"url":"https:\/\/setles.si\/wp-content\/uploads\/2024\/12\/Setles-43.webp","type":"image\/webp"}],"twitter_card":"summary_large_image","twitter_site":"@setles_official","twitter_misc":{"Gesch\u00e4tzte Lesezeit":"2\u00a0Minuten"},"schema":{"@context":"https:\/\/schema.org","@graph":[{"@type":"WebPage","@id":"https:\/\/setles.si\/cookie-policy\/","url":"https:\/\/setles.si\/cookie-policy\/","name":"Pravilnik o pi\u0161kotkih - SETLES","isPartOf":{"@id":"https:\/\/setles.si\/#website"},"datePublished":"2024-11-11T23:32:31+00:00","dateModified":"2024-11-21T18:03:15+00:00","breadcrumb":{"@id":"https:\/\/setles.si\/cookie-policy\/#breadcrumb"},"inLanguage":"de","potentialAction":[{"@type":"ReadAction","target":["https:\/\/setles.si\/cookie-policy\/"]}]},{"@type":"BreadcrumbList","@id":"https:\/\/setles.si\/cookie-policy\/#breadcrumb","itemListElement":[{"@type":"ListItem","position":1,"name":"Home","item":"https:\/\/setles.si\/"},{"@type":"ListItem","position":2,"name":"Pravilnik o pi\u0161kotkih"}]},{"@type":"WebSite","@id":"https:\/\/setles.si\/#website","url":"https:\/\/setles.si\/","name":"SETLES","description":"Mojstri masivnega lesa","publisher":{"@id":"https:\/\/setles.si\/#organization"},"potentialAction":[{"@type":"SearchAction","target":{"@type":"EntryPoint","urlTemplate":"https:\/\/setles.si\/?s={search_term_string}"},"query-input":{"@type":"PropertyValueSpecification","valueRequired":true,"valueName":"search_term_string"}}],"inLanguage":"de"},{"@type":"Organization","@id":"https:\/\/setles.si\/#organization","name":"SETLES D.O.O.","url":"https:\/\/setles.si\/","logo":{"@type":"ImageObject","inLanguage":"de","@id":"https:\/\/setles.si\/#\/schema\/logo\/image\/","url":"https:\/\/setles.si\/wp-content\/uploads\/2024\/11\/android-chrome-210x210-1.png","contentUrl":"https:\/\/setles.si\/wp-content\/uploads\/2024\/11\/android-chrome-210x210-1.png","width":210,"height":210,"caption":"SETLES D.O.O."},"image":{"@id":"https:\/\/setles.si\/#\/schema\/logo\/image\/"},"sameAs":["https:\/\/www.facebook.com\/profile.php?id=100084199638007","https:\/\/x.com\/setles_official","https:\/\/www.instagram.com\/setles_official\/","https:\/\/www.linkedin.com\/company\/setles\/about\/"]}]}},"jetpack_sharing_enabled":true,"_links":{"self":[{"href":"https:\/\/setles.si\/de\/wp-json\/wp\/v2\/pages\/1036","targetHints":{"allow":["GET"]}}],"collection":[{"href":"https:\/\/setles.si\/de\/wp-json\/wp\/v2\/pages"}],"about":[{"href":"https:\/\/setles.si\/de\/wp-json\/wp\/v2\/types\/page"}],"author":[{"embeddable":true,"href":"https:\/\/setles.si\/de\/wp-json\/wp\/v2\/users\/1"}],"replies":[{"embeddable":true,"href":"https:\/\/setles.si\/de\/wp-json\/wp\/v2\/comments?post=1036"}],"version-history":[{"count":0,"href":"https:\/\/setles.si\/de\/wp-json\/wp\/v2\/pages\/1036\/revisions"}],"wp:attachment":[{"href":"https:\/\/setles.si\/de\/wp-json\/wp\/v2\/media?parent=1036"}],"curies":[{"name":"wp","href":"https:\/\/api.w.org\/{rel}","templated":true}]}}